{"id":1126,"date":"2021-12-03T09:04:29","date_gmt":"2021-12-03T09:04:29","guid":{"rendered":"https:\/\/viseca-payment.ch\/?page_id=1126"},"modified":"2026-03-27T14:17:09","modified_gmt":"2026-03-27T12:17:09","slug":"viseca-card-services","status":"publish","type":"page","link":"https:\/\/viseca-payment.ch\/de\/viseca-card-services\/","title":{"rendered":"Viseca Card Services"},"content":{"rendered":"\t\t<div data-elementor-type=\"wp-page\" data-elementor-id=\"1126\" class=\"elementor elementor-1126\" data-elementor-post-type=\"page\">\n\t\t\t\t\t\t<section class=\"elementor-section elementor-top-section elementor-element elementor-element-4ed70a5 elementor-section-height-min-height elementor-section-boxed elementor-section-height-default elementor-section-items-middle\" data-id=\"4ed70a5\" data-element_type=\"section\" data-e-type=\"section\" data-settings=\"{&quot;background_background&quot;:&quot;classic&quot;}\">\n\t\t\t\t\t\t<div class=\"elementor-container elementor-column-gap-default\">\n\t\t\t\t\t<div class=\"elementor-column elementor-col-100 elementor-top-column elementor-element elementor-element-83b4de9\" data-id=\"83b4de9\" data-element_type=\"column\" data-e-type=\"column\">\n\t\t\t<div class=\"elementor-widget-wrap elementor-element-populated\">\n\t\t\t\t\t\t<div class=\"elementor-element elementor-element-b0d2c8f elementor-widget elementor-widget-heading\" data-id=\"b0d2c8f\" data-element_type=\"widget\" data-e-type=\"widget\" data-widget_type=\"heading.default\">\n\t\t\t\t<div class=\"elementor-widget-container\">\n\t\t\t\t\t<h1 class=\"elementor-heading-title elementor-size-default\">Viseca Card Services<\/h1>\t\t\t\t<\/div>\n\t\t\t\t<\/div>\n\t\t\t\t\t<\/div>\n\t\t<\/div>\n\t\t\t\t\t<\/div>\n\t\t<\/section>\n\t\t\t\t<section class=\"elementor-section elementor-top-section elementor-element elementor-element-0ba45c9 elementor-section-boxed elementor-section-height-default elementor-section-height-default\" data-id=\"0ba45c9\" data-element_type=\"section\" data-e-type=\"section\">\n\t\t\t\t\t\t<div class=\"elementor-container elementor-column-gap-default\">\n\t\t\t\t\t<div class=\"elementor-column elementor-col-100 elementor-top-column elementor-element elementor-element-c65dd03\" data-id=\"c65dd03\" data-element_type=\"column\" data-e-type=\"column\">\n\t\t\t<div class=\"elementor-widget-wrap elementor-element-populated\">\n\t\t\t\t\t\t<div class=\"elementor-element elementor-element-1c7cbfa elementor-widget elementor-widget-text-editor\" data-id=\"1c7cbfa\" data-element_type=\"widget\" data-e-type=\"widget\" data-widget_type=\"text-editor.default\">\n\t\t\t\t<div class=\"elementor-widget-container\">\n\t\t\t\t\t\t\t\t\t<p>Die Viseca Card Services SA ist eine der gr\u00f6ssten Schweizer Herausgeberinnen von Kredit- und Prepaid-Karten der weltweit f\u00fchrenden Marken Mastercard\u00ae und Visa. Wir unterst\u00fctzen alle national und international verbreiteten digitalen Zahll\u00f6sungen. Und mit der innovativen one App haben unsere Kunden ihre Ausgaben jederzeit und \u00fcberall im Griff.<\/p>\t\t\t\t\t\t\t\t<\/div>\n\t\t\t\t<\/div>\n\t\t\t\t\t<\/div>\n\t\t<\/div>\n\t\t\t\t\t<\/div>\n\t\t<\/section>\n\t\t\t\t<section class=\"elementor-section elementor-top-section elementor-element elementor-element-8a791dc animated-fast elementor-section-boxed elementor-section-height-default elementor-section-height-default elementor-invisible\" data-id=\"8a791dc\" data-element_type=\"section\" data-e-type=\"section\" data-settings=\"{&quot;animation&quot;:&quot;fadeIn&quot;,&quot;background_background&quot;:&quot;classic&quot;}\">\n\t\t\t\t\t\t<div class=\"elementor-container elementor-column-gap-default\">\n\t\t\t\t\t<div class=\"elementor-column elementor-col-100 elementor-top-column elementor-element elementor-element-bb350fe\" data-id=\"bb350fe\" data-element_type=\"column\" data-e-type=\"column\">\n\t\t\t<div class=\"elementor-widget-wrap elementor-element-populated\">\n\t\t\t\t\t\t<div class=\"elementor-element elementor-element-dabb89c elementor-widget elementor-widget-heading\" data-id=\"dabb89c\" data-element_type=\"widget\" data-e-type=\"widget\" data-widget_type=\"heading.default\">\n\t\t\t\t<div class=\"elementor-widget-container\">\n\t\t\t\t\t<h2 class=\"elementor-heading-title elementor-size-default\">Viseca Card Services \u2013 massgeschneiderte Kartenprodukte f\u00fcr Endkunden<\/h2>\t\t\t\t<\/div>\n\t\t\t\t<\/div>\n\t\t\t\t<div class=\"elementor-element elementor-element-c1cd1ba elementor-widget elementor-widget-text-editor\" data-id=\"c1cd1ba\" data-element_type=\"widget\" data-e-type=\"widget\" data-widget_type=\"text-editor.default\">\n\t\t\t\t<div class=\"elementor-widget-container\">\n\t\t\t\t\t\t\t\t\t<p>Die breite Palette zeitgem\u00e4sser Kartenprodukte kombiniert mit einem umfassenden Dienstleistungsangebot erm\u00f6glicht massgeschneiderte L\u00f6sungen f\u00fcr unterschiedlichste Kundenbed\u00fcrfnisse. Bei allen Karten \u2013 ob von Kundenbanken, Co-Branding-Partnern oder Self-Issued \u2013 stehen Qualit\u00e4t, Kompetenz und Service im Vordergrund.<\/p>\t\t\t\t\t\t\t\t<\/div>\n\t\t\t\t<\/div>\n\t\t\t\t<div class=\"elementor-element elementor-element-6a1b867 elementor-widget elementor-widget-button\" data-id=\"6a1b867\" data-element_type=\"widget\" data-e-type=\"widget\" data-widget_type=\"button.default\">\n\t\t\t\t<div class=\"elementor-widget-container\">\n\t\t\t\t\t\t\t\t\t<div class=\"elementor-button-wrapper\">\n\t\t\t\t\t<a class=\"elementor-button elementor-button-link elementor-size-sm\" href=\"https:\/\/www.viseca.ch\/de\" target=\"_blank\">\n\t\t\t\t\t\t<span class=\"elementor-button-content-wrapper\">\n\t\t\t\t\t\t<span class=\"elementor-button-icon\">\n\t\t\t\t<i aria-hidden=\"true\" class=\"far fa-arrow-alt-circle-right\"><\/i>\t\t\t<\/span>\n\t\t\t\t\t\t\t\t\t<span class=\"elementor-button-text\">Zur Website<\/span>\n\t\t\t\t\t<\/span>\n\t\t\t\t\t<\/a>\n\t\t\t\t<\/div>\n\t\t\t\t\t\t\t\t<\/div>\n\t\t\t\t<\/div>\n\t\t\t\t\t<\/div>\n\t\t<\/div>\n\t\t\t\t\t<\/div>\n\t\t<\/section>\n\t\t\t\t<section class=\"elementor-section elementor-top-section elementor-element elementor-element-3339fff4 elementor-section-boxed elementor-section-height-default elementor-section-height-default\" data-id=\"3339fff4\" data-element_type=\"section\" data-e-type=\"section\" data-settings=\"{&quot;background_background&quot;:&quot;classic&quot;}\">\n\t\t\t\t\t\t<div class=\"elementor-container elementor-column-gap-default\">\n\t\t\t\t\t<div class=\"elementor-column elementor-col-50 elementor-top-column elementor-element elementor-element-663089f9\" data-id=\"663089f9\" data-element_type=\"column\" data-e-type=\"column\">\n\t\t\t<div class=\"elementor-widget-wrap elementor-element-populated\">\n\t\t\t\t\t\t<div class=\"elementor-element elementor-element-7d8f3d16 elementor-widget elementor-widget-image\" data-id=\"7d8f3d16\" data-element_type=\"widget\" data-e-type=\"widget\" data-widget_type=\"image.default\">\n\t\t\t\t<div class=\"elementor-widget-container\">\n\t\t\t\t\t\t\t\t\t\t\t\t\t\t\t<img fetchpriority=\"high\" decoding=\"async\" width=\"586\" height=\"330\" src=\"https:\/\/viseca-payment.ch\/wp-content\/uploads\/2020\/09\/Tag3_14_07_20__0245_586x330.jpg\" class=\"attachment-large size-large wp-image-267\" alt=\"\" srcset=\"https:\/\/viseca-payment.ch\/wp-content\/uploads\/2020\/09\/Tag3_14_07_20__0245_586x330.jpg 586w, https:\/\/viseca-payment.ch\/wp-content\/uploads\/2020\/09\/Tag3_14_07_20__0245_586x330-300x169.jpg 300w\" sizes=\"(max-width: 586px) 100vw, 586px\" \/>\t\t\t\t\t\t\t\t\t\t\t\t\t\t\t<\/div>\n\t\t\t\t<\/div>\n\t\t\t\t\t<\/div>\n\t\t<\/div>\n\t\t\t\t<div class=\"elementor-column elementor-col-50 elementor-top-column elementor-element elementor-element-6e03846b\" data-id=\"6e03846b\" data-element_type=\"column\" data-e-type=\"column\">\n\t\t\t<div class=\"elementor-widget-wrap elementor-element-populated\">\n\t\t\t\t\t\t<div class=\"elementor-element elementor-element-97a1de1 elementor-widget elementor-widget-heading\" data-id=\"97a1de1\" data-element_type=\"widget\" data-e-type=\"widget\" data-widget_type=\"heading.default\">\n\t\t\t\t<div class=\"elementor-widget-container\">\n\t\t\t\t\t<h2 class=\"elementor-heading-title elementor-size-default\">Arbeiten bei Viseca Card Services <\/h2>\t\t\t\t<\/div>\n\t\t\t\t<\/div>\n\t\t\t\t<div class=\"elementor-element elementor-element-4ba5a4af elementor-widget elementor-widget-text-editor\" data-id=\"4ba5a4af\" data-element_type=\"widget\" data-e-type=\"widget\" data-widget_type=\"text-editor.default\">\n\t\t\t\t<div class=\"elementor-widget-container\">\n\t\t\t\t\t\t\t\t\t<h5><strong>Stellenangebote<\/strong><\/h5><p>Suchen Sie eine neue Herausforderung? Unsere Stellenangebote finden Sie auf der Website der Viseca.\u00a0<\/p>\t\t\t\t\t\t\t\t<\/div>\n\t\t\t\t<\/div>\n\t\t\t\t<div class=\"elementor-element elementor-element-7d9944c elementor-widget elementor-widget-button\" data-id=\"7d9944c\" data-element_type=\"widget\" data-e-type=\"widget\" data-widget_type=\"button.default\">\n\t\t\t\t<div class=\"elementor-widget-container\">\n\t\t\t\t\t\t\t\t\t<div class=\"elementor-button-wrapper\">\n\t\t\t\t\t<a class=\"elementor-button elementor-button-link elementor-size-sm\" href=\"https:\/\/www.viseca.ch\/de\/corporate\/stellenangebote\" target=\"_blank\">\n\t\t\t\t\t\t<span class=\"elementor-button-content-wrapper\">\n\t\t\t\t\t\t<span class=\"elementor-button-icon\">\n\t\t\t\t<i aria-hidden=\"true\" class=\"far fa-arrow-alt-circle-right\"><\/i>\t\t\t<\/span>\n\t\t\t\t\t\t\t\t\t<span class=\"elementor-button-text\">Zu den Stellenangeboten<\/span>\n\t\t\t\t\t<\/span>\n\t\t\t\t\t<\/a>\n\t\t\t\t<\/div>\n\t\t\t\t\t\t\t\t<\/div>\n\t\t\t\t<\/div>\n\t\t\t\t<div class=\"elementor-element elementor-element-3a34259d elementor-widget elementor-widget-text-editor\" data-id=\"3a34259d\" data-element_type=\"widget\" data-e-type=\"widget\" data-widget_type=\"text-editor.default\">\n\t\t\t\t<div class=\"elementor-widget-container\">\n\t\t\t\t\t\t\t\t\t<div><div><h5><strong>Lehrstellen<\/strong><\/h5><\/div><div>Jedes Jahr bieten wir jungen Menschen eine Perspektive und schaffen Ausbildungspl\u00e4tze.<\/div><\/div>\t\t\t\t\t\t\t\t<\/div>\n\t\t\t\t<\/div>\n\t\t\t\t<div class=\"elementor-element elementor-element-583e9ae6 elementor-widget elementor-widget-button\" data-id=\"583e9ae6\" data-element_type=\"widget\" data-e-type=\"widget\" data-widget_type=\"button.default\">\n\t\t\t\t<div class=\"elementor-widget-container\">\n\t\t\t\t\t\t\t\t\t<div class=\"elementor-button-wrapper\">\n\t\t\t\t\t<a class=\"elementor-button elementor-button-link elementor-size-sm\" href=\"https:\/\/www.viseca.ch\/de\/corporate\/stellenangebote\" target=\"_blank\">\n\t\t\t\t\t\t<span class=\"elementor-button-content-wrapper\">\n\t\t\t\t\t\t<span class=\"elementor-button-icon\">\n\t\t\t\t<i aria-hidden=\"true\" class=\"far fa-arrow-alt-circle-right\"><\/i>\t\t\t<\/span>\n\t\t\t\t\t\t\t\t\t<span class=\"elementor-button-text\">Zu den Ausbildungspl\u00e4tzen<\/span>\n\t\t\t\t\t<\/span>\n\t\t\t\t\t<\/a>\n\t\t\t\t<\/div>\n\t\t\t\t\t\t\t\t<\/div>\n\t\t\t\t<\/div>\n\t\t\t\t\t<\/div>\n\t\t<\/div>\n\t\t\t\t\t<\/div>\n\t\t<\/section>\n\t\t\t\t<section class=\"elementor-section elementor-top-section elementor-element elementor-element-9227b14 elementor-section-boxed elementor-section-height-default elementor-section-height-default\" data-id=\"9227b14\" data-element_type=\"section\" data-e-type=\"section\">\n\t\t\t\t\t\t<div class=\"elementor-container elementor-column-gap-default\">\n\t\t\t\t\t<div class=\"elementor-column elementor-col-100 elementor-top-column elementor-element elementor-element-1999f6c\" data-id=\"1999f6c\" data-element_type=\"column\" data-e-type=\"column\">\n\t\t\t<div class=\"elementor-widget-wrap elementor-element-populated\">\n\t\t\t\t\t\t<div class=\"elementor-element elementor-element-0c637b0 elementor-widget elementor-widget-heading\" data-id=\"0c637b0\" data-element_type=\"widget\" data-e-type=\"widget\" data-widget_type=\"heading.default\">\n\t\t\t\t<div class=\"elementor-widget-container\">\n\t\t\t\t\t<h2 class=\"elementor-heading-title elementor-size-default\">Starke Bankenpartner<\/h2>\t\t\t\t<\/div>\n\t\t\t\t<\/div>\n\t\t\t\t<div class=\"elementor-element elementor-element-cb3683b elementor-widget elementor-widget-text-editor\" data-id=\"cb3683b\" data-element_type=\"widget\" data-e-type=\"widget\" data-widget_type=\"text-editor.default\">\n\t\t\t\t<div class=\"elementor-widget-container\">\n\t\t\t\t\t\t\t\t\t<p>Wir arbeiten eng mit unseren Partnerbanken zusammen.<\/p>\t\t\t\t\t\t\t\t<\/div>\n\t\t\t\t<\/div>\n\t\t\t\t\t<\/div>\n\t\t<\/div>\n\t\t\t\t\t<\/div>\n\t\t<\/section>\n\t\t\t\t<section class=\"elementor-section elementor-top-section elementor-element elementor-element-502c0e0 elementor-section-boxed elementor-section-height-default elementor-section-height-default\" data-id=\"502c0e0\" data-element_type=\"section\" data-e-type=\"section\">\n\t\t\t\t\t\t<div class=\"elementor-container elementor-column-gap-default\">\n\t\t\t\t\t<div class=\"elementor-column elementor-col-25 elementor-top-column elementor-element elementor-element-ea17a90\" data-id=\"ea17a90\" data-element_type=\"column\" data-e-type=\"column\">\n\t\t\t<div class=\"elementor-widget-wrap elementor-element-populated\">\n\t\t\t\t\t\t<div class=\"elementor-element elementor-element-489a21d elementor-widget elementor-widget-image\" data-id=\"489a21d\" data-element_type=\"widget\" data-e-type=\"widget\" data-widget_type=\"image.default\">\n\t\t\t\t<div class=\"elementor-widget-container\">\n\t\t\t\t\t\t\t\t\t\t\t\t\t\t\t\t<a href=\"https:\/\/www.cler.ch\/de\/privatkunden\/\">\n\t\t\t\t\t\t\t<img decoding=\"async\" width=\"560\" height=\"150\" src=\"https:\/\/viseca-payment.ch\/wp-content\/uploads\/2021\/12\/Viseca_Cler-Logo-grau.png\" class=\"attachment-large size-large wp-image-2380\" alt=\"\" srcset=\"https:\/\/viseca-payment.ch\/wp-content\/uploads\/2021\/12\/Viseca_Cler-Logo-grau.png 560w, https:\/\/viseca-payment.ch\/wp-content\/uploads\/2021\/12\/Viseca_Cler-Logo-grau-300x80.png 300w\" sizes=\"(max-width: 560px) 100vw, 560px\" \/>\t\t\t\t\t\t\t\t<\/a>\n\t\t\t\t\t\t\t\t\t\t\t\t\t\t\t<\/div>\n\t\t\t\t<\/div>\n\t\t\t\t\t<\/div>\n\t\t<\/div>\n\t\t\t\t<div class=\"elementor-column elementor-col-25 elementor-top-column elementor-element elementor-element-d35f3e6\" data-id=\"d35f3e6\" data-element_type=\"column\" data-e-type=\"column\">\n\t\t\t<div class=\"elementor-widget-wrap elementor-element-populated\">\n\t\t\t\t\t\t<div class=\"elementor-element elementor-element-94d6562 elementor-widget elementor-widget-image\" data-id=\"94d6562\" data-element_type=\"widget\" data-e-type=\"widget\" data-widget_type=\"image.default\">\n\t\t\t\t<div class=\"elementor-widget-container\">\n\t\t\t\t\t\t\t\t\t\t\t\t\t\t\t\t<a href=\"https:\/\/www.clientis.ch\/\">\n\t\t\t\t\t\t\t<img decoding=\"async\" width=\"560\" height=\"150\" src=\"https:\/\/viseca-payment.ch\/wp-content\/uploads\/2021\/12\/Viseca_Clientis-Logo-grau.png\" class=\"attachment-large size-large wp-image-2368\" alt=\"\" srcset=\"https:\/\/viseca-payment.ch\/wp-content\/uploads\/2021\/12\/Viseca_Clientis-Logo-grau.png 560w, https:\/\/viseca-payment.ch\/wp-content\/uploads\/2021\/12\/Viseca_Clientis-Logo-grau-300x80.png 300w\" sizes=\"(max-width: 560px) 100vw, 560px\" \/>\t\t\t\t\t\t\t\t<\/a>\n\t\t\t\t\t\t\t\t\t\t\t\t\t\t\t<\/div>\n\t\t\t\t<\/div>\n\t\t\t\t\t<\/div>\n\t\t<\/div>\n\t\t\t\t<div class=\"elementor-column elementor-col-25 elementor-top-column elementor-element elementor-element-e7ea7a3\" data-id=\"e7ea7a3\" data-element_type=\"column\" data-e-type=\"column\">\n\t\t\t<div class=\"elementor-widget-wrap elementor-element-populated\">\n\t\t\t\t\t\t<div class=\"elementor-element elementor-element-655b98b elementor-widget elementor-widget-image\" data-id=\"655b98b\" data-element_type=\"widget\" data-e-type=\"widget\" data-widget_type=\"image.default\">\n\t\t\t\t<div class=\"elementor-widget-container\">\n\t\t\t\t\t\t\t\t\t\t\t\t\t\t\t\t<a href=\"http:\/\/www.entris-holding.ch\/\">\n\t\t\t\t\t\t\t<img loading=\"lazy\" decoding=\"async\" width=\"560\" height=\"150\" src=\"https:\/\/viseca-payment.ch\/wp-content\/uploads\/2021\/12\/Entris-logo-grau.png\" class=\"attachment-large size-large wp-image-2384\" alt=\"\" srcset=\"https:\/\/viseca-payment.ch\/wp-content\/uploads\/2021\/12\/Entris-logo-grau.png 560w, https:\/\/viseca-payment.ch\/wp-content\/uploads\/2021\/12\/Entris-logo-grau-300x80.png 300w\" sizes=\"(max-width: 560px) 100vw, 560px\" \/>\t\t\t\t\t\t\t\t<\/a>\n\t\t\t\t\t\t\t\t\t\t\t\t\t\t\t<\/div>\n\t\t\t\t<\/div>\n\t\t\t\t\t<\/div>\n\t\t<\/div>\n\t\t\t\t<div class=\"elementor-column elementor-col-25 elementor-top-column elementor-element elementor-element-bff283b\" data-id=\"bff283b\" data-element_type=\"column\" data-e-type=\"column\">\n\t\t\t<div class=\"elementor-widget-wrap elementor-element-populated\">\n\t\t\t\t\t\t<div class=\"elementor-element elementor-element-36f64dc elementor-widget elementor-widget-image\" data-id=\"36f64dc\" data-element_type=\"widget\" data-e-type=\"widget\" data-widget_type=\"image.default\">\n\t\t\t\t<div class=\"elementor-widget-container\">\n\t\t\t\t\t\t\t\t\t\t\t\t\t\t\t\t<a href=\"https:\/\/www.kantonalbank.ch\/de-CH\/Home\">\n\t\t\t\t\t\t\t<img loading=\"lazy\" decoding=\"async\" width=\"560\" height=\"150\" src=\"https:\/\/viseca-payment.ch\/wp-content\/uploads\/2021\/12\/Viseca_Kantonalbank-Logo-grau_de.png\" class=\"attachment-large size-large wp-image-2372\" alt=\"\" srcset=\"https:\/\/viseca-payment.ch\/wp-content\/uploads\/2021\/12\/Viseca_Kantonalbank-Logo-grau_de.png 560w, https:\/\/viseca-payment.ch\/wp-content\/uploads\/2021\/12\/Viseca_Kantonalbank-Logo-grau_de-300x80.png 300w\" sizes=\"(max-width: 560px) 100vw, 560px\" \/>\t\t\t\t\t\t\t\t<\/a>\n\t\t\t\t\t\t\t\t\t\t\t\t\t\t\t<\/div>\n\t\t\t\t<\/div>\n\t\t\t\t\t<\/div>\n\t\t<\/div>\n\t\t\t\t\t<\/div>\n\t\t<\/section>\n\t\t\t\t<\/div>\n\t\t","protected":false},"excerpt":{"rendered":"<p>Viseca Card Services Die Viseca Card Services SA ist eine der gr\u00f6ssten Schweizer Herausgeberinnen von Kredit- und Prepaid-Karten der weltweit f\u00fchrenden Marken Mastercard\u00ae und Visa. Wir unterst\u00fctzen alle national und international verbreiteten digitalen Zahll\u00f6sungen. Und mit der innovativen one App haben unsere Kunden ihre Ausgaben jederzeit und \u00fcberall im Griff. Viseca Card Services \u2013 massgeschneiderte [&hellip;]<\/p>\n","protected":false},"author":5,"featured_media":0,"parent":0,"menu_order":0,"comment_status":"closed","ping_status":"closed","template":"","meta":{"_acf_changed":false,"footnotes":""},"class_list":["post-1126","page","type-page","status-publish","hentry"],"acf":[],"yoast_head":"<!-- This site is optimized with the Yoast SEO plugin v27.2 - https:\/\/yoast.com\/product\/yoast-seo-wordpress\/ -->\n<title>Viseca Payment Services<\/title>\n<meta name=\"description\" content=\"Die Viseca Card Services SA ist eine der gr\u00f6ssten Schweizer Herausgeberinnen von Kredit- und Prepaid-Karten der weltweit f\u00fchrenden Marken Mastercard\u00ae und Visa.\" \/>\n<meta name=\"robots\" content=\"index, follow, max-snippet:-1, max-image-preview:large, max-video-preview:-1\" \/>\n<link rel=\"canonical\" href=\"https:\/\/viseca-payment.ch\/de\/viseca-card-services\/\" \/>\n<meta property=\"og:locale\" content=\"de_DE\" \/>\n<meta property=\"og:type\" content=\"article\" \/>\n<meta property=\"og:title\" content=\"Viseca Payment Services\" \/>\n<meta property=\"og:description\" content=\"Die Viseca Card Services SA ist eine der gr\u00f6ssten Schweizer Herausgeberinnen von Kredit- und Prepaid-Karten der weltweit f\u00fchrenden Marken Mastercard\u00ae und Visa.\" \/>\n<meta property=\"og:url\" content=\"https:\/\/viseca-payment.ch\/de\/viseca-card-services\/\" \/>\n<meta property=\"og:site_name\" content=\"Viseca Payment Services\" \/>\n<meta property=\"article:modified_time\" content=\"2026-03-27T12:17:09+00:00\" \/>\n<meta property=\"og:image\" content=\"https:\/\/viseca-payment.ch\/wp-content\/uploads\/2026\/03\/Aduno_Tag_3_1200x630px.jpg\" \/>\n\t<meta property=\"og:image:width\" content=\"1200\" \/>\n\t<meta property=\"og:image:height\" content=\"630\" \/>\n\t<meta property=\"og:image:type\" content=\"image\/jpeg\" \/>\n<meta name=\"twitter:card\" content=\"summary_large_image\" \/>\n<meta name=\"twitter:label1\" content=\"Gesch\u00e4tzte Lesezeit\" \/>\n\t<meta name=\"twitter:data1\" content=\"2\u00a0Minuten\" \/>\n<script type=\"application\/ld+json\" class=\"yoast-schema-graph\">{\"@context\":\"https:\/\/schema.org\",\"@graph\":[{\"@type\":\"WebPage\",\"@id\":\"https:\/\/viseca-payment.ch\/de\/viseca-card-services\/\",\"url\":\"https:\/\/viseca-payment.ch\/de\/viseca-card-services\/\",\"name\":\"Viseca Payment Services\",\"isPartOf\":{\"@id\":\"https:\/\/viseca-payment.ch\/de\/#website\"},\"primaryImageOfPage\":{\"@id\":\"https:\/\/viseca-payment.ch\/de\/viseca-card-services\/#primaryimage\"},\"image\":{\"@id\":\"https:\/\/viseca-payment.ch\/de\/viseca-card-services\/#primaryimage\"},\"thumbnailUrl\":\"https:\/\/viseca-payment.ch\/wp-content\/uploads\/2020\/09\/Tag3_14_07_20__0245_586x330.jpg\",\"datePublished\":\"2021-12-03T09:04:29+00:00\",\"dateModified\":\"2026-03-27T12:17:09+00:00\",\"description\":\"Die Viseca Card Services SA ist eine der gr\u00f6ssten Schweizer Herausgeberinnen von Kredit- und Prepaid-Karten der weltweit f\u00fchrenden Marken Mastercard\u00ae und Visa.\",\"inLanguage\":\"de\",\"potentialAction\":[{\"@type\":\"ReadAction\",\"target\":[\"https:\/\/viseca-payment.ch\/de\/viseca-card-services\/\"]}]},{\"@type\":\"ImageObject\",\"inLanguage\":\"de\",\"@id\":\"https:\/\/viseca-payment.ch\/de\/viseca-card-services\/#primaryimage\",\"url\":\"https:\/\/viseca-payment.ch\/wp-content\/uploads\/2020\/09\/Tag3_14_07_20__0245_586x330.jpg\",\"contentUrl\":\"https:\/\/viseca-payment.ch\/wp-content\/uploads\/2020\/09\/Tag3_14_07_20__0245_586x330.jpg\"},{\"@type\":\"WebSite\",\"@id\":\"https:\/\/viseca-payment.ch\/de\/#website\",\"url\":\"https:\/\/viseca-payment.ch\/de\/\",\"name\":\"Home | Viseca Payment Services\",\"description\":\"\",\"potentialAction\":[{\"@type\":\"SearchAction\",\"target\":{\"@type\":\"EntryPoint\",\"urlTemplate\":\"https:\/\/viseca-payment.ch\/de\/?s={search_term_string}\"},\"query-input\":{\"@type\":\"PropertyValueSpecification\",\"valueRequired\":true,\"valueName\":\"search_term_string\"}}],\"inLanguage\":\"de\"}]}<\/script>\n<!-- \/ Yoast SEO plugin. -->","yoast_head_json":{"title":"Viseca Payment Services","description":"Die Viseca Card Services SA ist eine der gr\u00f6ssten Schweizer Herausgeberinnen von Kredit- und Prepaid-Karten der weltweit f\u00fchrenden Marken Mastercard\u00ae und Visa.","robots":{"index":"index","follow":"follow","max-snippet":"max-snippet:-1","max-image-preview":"max-image-preview:large","max-video-preview":"max-video-preview:-1"},"canonical":"https:\/\/viseca-payment.ch\/de\/viseca-card-services\/","og_locale":"de_DE","og_type":"article","og_title":"Viseca Payment Services","og_description":"Die Viseca Card Services SA ist eine der gr\u00f6ssten Schweizer Herausgeberinnen von Kredit- und Prepaid-Karten der weltweit f\u00fchrenden Marken Mastercard\u00ae und Visa.","og_url":"https:\/\/viseca-payment.ch\/de\/viseca-card-services\/","og_site_name":"Viseca Payment Services","article_modified_time":"2026-03-27T12:17:09+00:00","og_image":[{"width":1200,"height":630,"url":"https:\/\/viseca-payment.ch\/wp-content\/uploads\/2026\/03\/Aduno_Tag_3_1200x630px.jpg","type":"image\/jpeg"}],"twitter_card":"summary_large_image","twitter_misc":{"Gesch\u00e4tzte Lesezeit":"2\u00a0Minuten"},"schema":{"@context":"https:\/\/schema.org","@graph":[{"@type":"WebPage","@id":"https:\/\/viseca-payment.ch\/de\/viseca-card-services\/","url":"https:\/\/viseca-payment.ch\/de\/viseca-card-services\/","name":"Viseca Payment Services","isPartOf":{"@id":"https:\/\/viseca-payment.ch\/de\/#website"},"primaryImageOfPage":{"@id":"https:\/\/viseca-payment.ch\/de\/viseca-card-services\/#primaryimage"},"image":{"@id":"https:\/\/viseca-payment.ch\/de\/viseca-card-services\/#primaryimage"},"thumbnailUrl":"https:\/\/viseca-payment.ch\/wp-content\/uploads\/2020\/09\/Tag3_14_07_20__0245_586x330.jpg","datePublished":"2021-12-03T09:04:29+00:00","dateModified":"2026-03-27T12:17:09+00:00","description":"Die Viseca Card Services SA ist eine der gr\u00f6ssten Schweizer Herausgeberinnen von Kredit- und Prepaid-Karten der weltweit f\u00fchrenden Marken Mastercard\u00ae und Visa.","inLanguage":"de","potentialAction":[{"@type":"ReadAction","target":["https:\/\/viseca-payment.ch\/de\/viseca-card-services\/"]}]},{"@type":"ImageObject","inLanguage":"de","@id":"https:\/\/viseca-payment.ch\/de\/viseca-card-services\/#primaryimage","url":"https:\/\/viseca-payment.ch\/wp-content\/uploads\/2020\/09\/Tag3_14_07_20__0245_586x330.jpg","contentUrl":"https:\/\/viseca-payment.ch\/wp-content\/uploads\/2020\/09\/Tag3_14_07_20__0245_586x330.jpg"},{"@type":"WebSite","@id":"https:\/\/viseca-payment.ch\/de\/#website","url":"https:\/\/viseca-payment.ch\/de\/","name":"Home | Viseca Payment Services","description":"","potentialAction":[{"@type":"SearchAction","target":{"@type":"EntryPoint","urlTemplate":"https:\/\/viseca-payment.ch\/de\/?s={search_term_string}"},"query-input":{"@type":"PropertyValueSpecification","valueRequired":true,"valueName":"search_term_string"}}],"inLanguage":"de"}]}},"_links":{"self":[{"href":"https:\/\/viseca-payment.ch\/de\/wp-json\/wp\/v2\/pages\/1126","targetHints":{"allow":["GET"]}}],"collection":[{"href":"https:\/\/viseca-payment.ch\/de\/wp-json\/wp\/v2\/pages"}],"about":[{"href":"https:\/\/viseca-payment.ch\/de\/wp-json\/wp\/v2\/types\/page"}],"author":[{"embeddable":true,"href":"https:\/\/viseca-payment.ch\/de\/wp-json\/wp\/v2\/users\/5"}],"replies":[{"embeddable":true,"href":"https:\/\/viseca-payment.ch\/de\/wp-json\/wp\/v2\/comments?post=1126"}],"version-history":[{"count":24,"href":"https:\/\/viseca-payment.ch\/de\/wp-json\/wp\/v2\/pages\/1126\/revisions"}],"predecessor-version":[{"id":16454,"href":"https:\/\/viseca-payment.ch\/de\/wp-json\/wp\/v2\/pages\/1126\/revisions\/16454"}],"wp:attachment":[{"href":"https:\/\/viseca-payment.ch\/de\/wp-json\/wp\/v2\/media?parent=1126"}],"curies":[{"name":"wp","href":"https:\/\/api.w.org\/{rel}","templated":true}]}}