{"id":6820,"date":"2022-12-21T09:45:27","date_gmt":"2022-12-21T07:45:27","guid":{"rendered":"https:\/\/viseca-payment.ch\/?page_id=6820"},"modified":"2026-03-27T13:00:29","modified_gmt":"2026-03-27T11:00:29","slug":"whistleblowing","status":"publish","type":"page","link":"https:\/\/viseca-payment.ch\/de\/ueber-viseca\/ueber-uns\/whistleblowing\/","title":{"rendered":"Whistleblowing"},"content":{"rendered":"\t\t<div data-elementor-type=\"wp-page\" data-elementor-id=\"6820\" class=\"elementor elementor-6820\" data-elementor-post-type=\"page\">\n\t\t\t\t\t\t<section class=\"elementor-section elementor-top-section elementor-element elementor-element-4ed70a5 elementor-section-height-min-height elementor-section-boxed elementor-section-height-default elementor-section-items-middle\" data-id=\"4ed70a5\" data-element_type=\"section\" data-e-type=\"section\" data-settings=\"{&quot;background_background&quot;:&quot;classic&quot;}\">\n\t\t\t\t\t\t<div class=\"elementor-container elementor-column-gap-default\">\n\t\t\t\t\t<div class=\"elementor-column elementor-col-100 elementor-top-column elementor-element elementor-element-83b4de9\" data-id=\"83b4de9\" data-element_type=\"column\" data-e-type=\"column\">\n\t\t\t<div class=\"elementor-widget-wrap elementor-element-populated\">\n\t\t\t\t\t\t<div class=\"elementor-element elementor-element-b0d2c8f elementor-widget elementor-widget-heading\" data-id=\"b0d2c8f\" data-element_type=\"widget\" data-e-type=\"widget\" data-widget_type=\"heading.default\">\n\t\t\t\t<div class=\"elementor-widget-container\">\n\t\t\t\t\t<h1 class=\"elementor-heading-title elementor-size-default\">Whistleblowing<\/h1>\t\t\t\t<\/div>\n\t\t\t\t<\/div>\n\t\t\t\t\t<\/div>\n\t\t<\/div>\n\t\t\t\t\t<\/div>\n\t\t<\/section>\n\t\t\t\t<section class=\"elementor-section elementor-top-section elementor-element elementor-element-8a791dc animated-fast elementor-section-boxed elementor-section-height-default elementor-section-height-default elementor-invisible\" data-id=\"8a791dc\" data-element_type=\"section\" data-e-type=\"section\" data-settings=\"{&quot;animation&quot;:&quot;fadeIn&quot;,&quot;background_background&quot;:&quot;classic&quot;}\">\n\t\t\t\t\t\t<div class=\"elementor-container elementor-column-gap-default\">\n\t\t\t\t\t<div class=\"elementor-column elementor-col-100 elementor-top-column elementor-element elementor-element-bb350fe\" data-id=\"bb350fe\" data-element_type=\"column\" data-e-type=\"column\">\n\t\t\t<div class=\"elementor-widget-wrap elementor-element-populated\">\n\t\t\t\t\t\t<div class=\"elementor-element elementor-element-90a536a elementor-widget elementor-widget-heading\" data-id=\"90a536a\" data-element_type=\"widget\" data-e-type=\"widget\" data-widget_type=\"heading.default\">\n\t\t\t\t<div class=\"elementor-widget-container\">\n\t\t\t\t\t<h2 class=\"elementor-heading-title elementor-size-default\">Mutmassliche Missst\u00e4nde bei Viseca melden<\/h2>\t\t\t\t<\/div>\n\t\t\t\t<\/div>\n\t\t\t\t<div class=\"elementor-element elementor-element-6921921 elementor-widget elementor-widget-heading\" data-id=\"6921921\" data-element_type=\"widget\" data-e-type=\"widget\" data-widget_type=\"heading.default\">\n\t\t\t\t<div class=\"elementor-widget-container\">\n\t\t\t\t\t<h3 class=\"elementor-heading-title elementor-size-default\">Allgemeines<\/h3>\t\t\t\t<\/div>\n\t\t\t\t<\/div>\n\t\t\t\t<div class=\"elementor-element elementor-element-c1cd1ba elementor-widget elementor-widget-text-editor\" data-id=\"c1cd1ba\" data-element_type=\"widget\" data-e-type=\"widget\" data-widget_type=\"text-editor.default\">\n\t\t\t\t<div class=\"elementor-widget-container\">\n\t\t\t\t\t\t\t\t\t<p>Wenn Sie einen Misstand innerhalb unserer Organisation vermuten, melden Sie dies bitte via unsere Meldeplattform an unsere interne Meldestelle. Mit Ihrer Whistleblowing-Meldung verhelfen Sie uns insbesondere, unser Unternehmen und unsere Mitarbeitenden vor Sch\u00e4den zu bewahren und unsere Compliance, die Qualit\u00e4t unserer Dienstleistungen und unser Arbeitsklima nachhaltig zu f\u00f6rdern.<\/p>\t\t\t\t\t\t\t\t<\/div>\n\t\t\t\t<\/div>\n\t\t\t\t\t<\/div>\n\t\t<\/div>\n\t\t\t\t\t<\/div>\n\t\t<\/section>\n\t\t\t\t<section class=\"elementor-section elementor-top-section elementor-element elementor-element-fbd5781 animated-fast elementor-section-boxed elementor-section-height-default elementor-section-height-default elementor-invisible\" data-id=\"fbd5781\" data-element_type=\"section\" data-e-type=\"section\" data-settings=\"{&quot;animation&quot;:&quot;fadeIn&quot;,&quot;background_background&quot;:&quot;classic&quot;}\">\n\t\t\t\t\t\t<div class=\"elementor-container elementor-column-gap-default\">\n\t\t\t\t\t<div class=\"elementor-column elementor-col-100 elementor-top-column elementor-element elementor-element-4a14d13\" data-id=\"4a14d13\" data-element_type=\"column\" data-e-type=\"column\">\n\t\t\t<div class=\"elementor-widget-wrap elementor-element-populated\">\n\t\t\t\t\t\t<div class=\"elementor-element elementor-element-f20e8e8 elementor-widget elementor-widget-heading\" data-id=\"f20e8e8\" data-element_type=\"widget\" data-e-type=\"widget\" data-widget_type=\"heading.default\">\n\t\t\t\t<div class=\"elementor-widget-container\">\n\t\t\t\t\t<h2 class=\"elementor-heading-title elementor-size-default\">Meldeplattform<\/h2>\t\t\t\t<\/div>\n\t\t\t\t<\/div>\n\t\t\t\t<div class=\"elementor-element elementor-element-1bc1174 elementor-widget elementor-widget-text-editor\" data-id=\"1bc1174\" data-element_type=\"widget\" data-e-type=\"widget\" data-widget_type=\"text-editor.default\">\n\t\t\t\t<div class=\"elementor-widget-container\">\n\t\t\t\t\t\t\t\t\t<p>Um mutmassliche Misst\u00e4nde innerhalb unserer Organisation zu melden, stellt Viseca eine hochsichere und anwenderfreundliche Meldeplattform zur Verf\u00fcgung. Falls gew\u00fcnscht, kann die Meldung anonym erfolgen. Als Misstand gelten beispielsweise nicht integres Verhalten, Verst\u00f6sse gegen regulatorische und interne Vorschriften oder das Gesetz sowie allf\u00e4llige sicherheits-, umwelt- und gesundheitsgef\u00e4hrdende Aktivit\u00e4ten oder schwerwiegende Vorf\u00e4lle am Arbeitsplatz.<\/p>\t\t\t\t\t\t\t\t<\/div>\n\t\t\t\t<\/div>\n\t\t\t\t<div class=\"elementor-element elementor-element-0c7537e elementor-widget elementor-widget-text-editor\" data-id=\"0c7537e\" data-element_type=\"widget\" data-e-type=\"widget\" data-widget_type=\"text-editor.default\">\n\t\t\t\t<div class=\"elementor-widget-container\">\n\t\t\t\t\t\t\t\t\t<p>Sollten Sie eine Kundenreklamation anbringen wollen, ist diese bitte an unsere \u00fcblichen Kontaktstellen zu richten: <a href=\"https:\/\/www.viseca.ch\/de\/kundendienst\/kontakt\" target=\"_blank\" rel=\"noopener\"><u>Kontakt aufnehmen.<\/u><\/a><\/p>\t\t\t\t\t\t\t\t<\/div>\n\t\t\t\t<\/div>\n\t\t\t\t<div class=\"elementor-element elementor-element-0f3a47f elementor-align-left elementor-widget elementor-widget-button\" data-id=\"0f3a47f\" data-element_type=\"widget\" data-e-type=\"widget\" data-widget_type=\"button.default\">\n\t\t\t\t<div class=\"elementor-widget-container\">\n\t\t\t\t\t\t\t\t\t<div class=\"elementor-button-wrapper\">\n\t\t\t\t\t<a class=\"elementor-button elementor-button-link elementor-size-md\" href=\"https:\/\/anonymos.enquire.ch\/viseca-whistleblowing\" target=\"_blank\">\n\t\t\t\t\t\t<span class=\"elementor-button-content-wrapper\">\n\t\t\t\t\t\t<span class=\"elementor-button-icon\">\n\t\t\t\t<i aria-hidden=\"true\" class=\"far fa-arrow-alt-circle-right\"><\/i>\t\t\t<\/span>\n\t\t\t\t\t\t\t\t\t<span class=\"elementor-button-text\">Misstand hier melden<\/span>\n\t\t\t\t\t<\/span>\n\t\t\t\t\t<\/a>\n\t\t\t\t<\/div>\n\t\t\t\t\t\t\t\t<\/div>\n\t\t\t\t<\/div>\n\t\t\t\t\t<\/div>\n\t\t<\/div>\n\t\t\t\t\t<\/div>\n\t\t<\/section>\n\t\t\t\t<section class=\"elementor-section elementor-top-section elementor-element elementor-element-080a318 animated-fast elementor-section-boxed elementor-section-height-default elementor-section-height-default elementor-invisible\" data-id=\"080a318\" data-element_type=\"section\" data-e-type=\"section\" data-settings=\"{&quot;animation&quot;:&quot;fadeIn&quot;,&quot;background_background&quot;:&quot;classic&quot;}\">\n\t\t\t\t\t\t<div class=\"elementor-container elementor-column-gap-default\">\n\t\t\t\t\t<div class=\"elementor-column elementor-col-100 elementor-top-column elementor-element elementor-element-523c653\" data-id=\"523c653\" data-element_type=\"column\" data-e-type=\"column\">\n\t\t\t<div class=\"elementor-widget-wrap elementor-element-populated\">\n\t\t\t\t\t\t<div class=\"elementor-element elementor-element-d9a8890 elementor-widget elementor-widget-heading\" data-id=\"d9a8890\" data-element_type=\"widget\" data-e-type=\"widget\" data-widget_type=\"heading.default\">\n\t\t\t\t<div class=\"elementor-widget-container\">\n\t\t\t\t\t<h2 class=\"elementor-heading-title elementor-size-default\">Vorgehen nach einer Meldung<\/h2>\t\t\t\t<\/div>\n\t\t\t\t<\/div>\n\t\t\t\t<div class=\"elementor-element elementor-element-3f0d636 elementor-widget elementor-widget-text-editor\" data-id=\"3f0d636\" data-element_type=\"widget\" data-e-type=\"widget\" data-widget_type=\"text-editor.default\">\n\t\t\t\t<div class=\"elementor-widget-container\">\n\t\t\t\t\t\t\t\t\t<p>Gemeldete Verst\u00f6sse werden gem\u00e4ss den internen Vorgaben und Weisungen der Viseca sorgf\u00e4ltig und unabh\u00e4ngig gepr\u00fcft und untersucht. Dabei werden allf\u00e4llige Interessenkonflikte entsprechend ber\u00fccksichtigt.<\/p>\t\t\t\t\t\t\t\t<\/div>\n\t\t\t\t<\/div>\n\t\t\t\t\t<\/div>\n\t\t<\/div>\n\t\t\t\t\t<\/div>\n\t\t<\/section>\n\t\t\t\t<section class=\"elementor-section elementor-top-section elementor-element elementor-element-de756f2 animated-fast elementor-section-boxed elementor-section-height-default elementor-section-height-default elementor-invisible\" data-id=\"de756f2\" data-element_type=\"section\" data-e-type=\"section\" data-settings=\"{&quot;animation&quot;:&quot;fadeIn&quot;,&quot;background_background&quot;:&quot;classic&quot;}\">\n\t\t\t\t\t\t<div class=\"elementor-container elementor-column-gap-default\">\n\t\t\t\t\t<div class=\"elementor-column elementor-col-100 elementor-top-column elementor-element elementor-element-97a5287\" data-id=\"97a5287\" data-element_type=\"column\" data-e-type=\"column\">\n\t\t\t<div class=\"elementor-widget-wrap elementor-element-populated\">\n\t\t\t\t\t\t<div class=\"elementor-element elementor-element-707a567 elementor-widget elementor-widget-heading\" data-id=\"707a567\" data-element_type=\"widget\" data-e-type=\"widget\" data-widget_type=\"heading.default\">\n\t\t\t\t<div class=\"elementor-widget-container\">\n\t\t\t\t\t<h2 class=\"elementor-heading-title elementor-size-default\">Vertraulichkeit<\/h2>\t\t\t\t<\/div>\n\t\t\t\t<\/div>\n\t\t\t\t<div class=\"elementor-element elementor-element-089325d elementor-widget elementor-widget-text-editor\" data-id=\"089325d\" data-element_type=\"widget\" data-e-type=\"widget\" data-widget_type=\"text-editor.default\">\n\t\t\t\t<div class=\"elementor-widget-container\">\n\t\t\t\t\t\t\t\t\t<p>S\u00e4mtliche Informationen und Abkl\u00e4rungen werden vertraulich behandelt. Viseca respektiert ausserdem das Anliegen von Whistleblowern, anonym zu bleiben. Viseca legt die Identit\u00e4t von Whistleblowern nicht offen, selbst wenn diese w\u00e4hrend der Untersuchung bekannt wird. Die Identit\u00e4t von Whistleblowern kann und muss unter Umst\u00e4nden offengelegt werden, wenn dies gest\u00fctzt auf eine verbindliche Rechtsgrundlage oder einen rechtskr\u00e4ftigen Entscheid verlangt werden kann oder notwendig ist, um eine ernsthafte Gefahr f\u00fcr die Whistleblower, Viseca oder Dritte abzuwenden.\u00a0<\/p>\t\t\t\t\t\t\t\t<\/div>\n\t\t\t\t<\/div>\n\t\t\t\t\t<\/div>\n\t\t<\/div>\n\t\t\t\t\t<\/div>\n\t\t<\/section>\n\t\t\t\t<section class=\"elementor-section elementor-top-section elementor-element elementor-element-d61f169 animated-fast elementor-section-boxed elementor-section-height-default elementor-section-height-default elementor-invisible\" data-id=\"d61f169\" data-element_type=\"section\" data-e-type=\"section\" data-settings=\"{&quot;animation&quot;:&quot;fadeIn&quot;,&quot;background_background&quot;:&quot;classic&quot;}\">\n\t\t\t\t\t\t<div class=\"elementor-container elementor-column-gap-default\">\n\t\t\t\t\t<div class=\"elementor-column elementor-col-100 elementor-top-column elementor-element elementor-element-6e79064\" data-id=\"6e79064\" data-element_type=\"column\" data-e-type=\"column\">\n\t\t\t<div class=\"elementor-widget-wrap elementor-element-populated\">\n\t\t\t\t\t\t<div class=\"elementor-element elementor-element-ae11ae2 elementor-widget elementor-widget-heading\" data-id=\"ae11ae2\" data-element_type=\"widget\" data-e-type=\"widget\" data-widget_type=\"heading.default\">\n\t\t\t\t<div class=\"elementor-widget-container\">\n\t\t\t\t\t<h2 class=\"elementor-heading-title elementor-size-default\">Vielen Dank<\/h2>\t\t\t\t<\/div>\n\t\t\t\t<\/div>\n\t\t\t\t<div class=\"elementor-element elementor-element-248dcfc elementor-widget elementor-widget-text-editor\" data-id=\"248dcfc\" data-element_type=\"widget\" data-e-type=\"widget\" data-widget_type=\"text-editor.default\">\n\t\t\t\t<div class=\"elementor-widget-container\">\n\t\t\t\t\t\t\t\t\t<p>Durch Ihre Hinweise helfen Sie uns, finanzielle Sch\u00e4den abzuwenden und unsere Reputation aufrechtzuerhalten und so den nachhaltigen Erfolg von Viseca zu sichern. Wir danken Ihnen f\u00fcr Ihre wertvolle Unterst\u00fctzung.<\/p>\t\t\t\t\t\t\t\t<\/div>\n\t\t\t\t<\/div>\n\t\t\t\t\t<\/div>\n\t\t<\/div>\n\t\t\t\t\t<\/div>\n\t\t<\/section>\n\t\t\t\t<\/div>\n\t\t","protected":false},"excerpt":{"rendered":"<p>Whistleblowing Mutmassliche Missst\u00e4nde bei Viseca melden Allgemeines Wenn Sie einen Misstand innerhalb unserer Organisation vermuten, melden Sie dies bitte via unsere Meldeplattform an unsere interne Meldestelle. Mit Ihrer Whistleblowing-Meldung verhelfen Sie uns insbesondere, unser Unternehmen und unsere Mitarbeitenden vor Sch\u00e4den zu bewahren und unsere Compliance, die Qualit\u00e4t unserer Dienstleistungen und unser Arbeitsklima nachhaltig zu f\u00f6rdern. [&hellip;]<\/p>\n","protected":false},"author":5,"featured_media":0,"parent":1048,"menu_order":0,"comment_status":"closed","ping_status":"closed","template":"","meta":{"_acf_changed":false,"footnotes":""},"class_list":["post-6820","page","type-page","status-publish","hentry"],"acf":[],"yoast_head":"<!-- This site is optimized with the Yoast SEO plugin v27.2 - https:\/\/yoast.com\/product\/yoast-seo-wordpress\/ -->\n<title>Viseca Payment Services<\/title>\n<meta name=\"description\" content=\"Mutmassliche Missst\u00e4nde bei Viseca melden\" \/>\n<meta name=\"robots\" content=\"index, follow, max-snippet:-1, max-image-preview:large, max-video-preview:-1\" \/>\n<link rel=\"canonical\" href=\"https:\/\/viseca-payment.ch\/de\/ueber-viseca\/ueber-uns\/whistleblowing\/\" \/>\n<meta property=\"og:locale\" content=\"de_DE\" \/>\n<meta property=\"og:type\" content=\"article\" \/>\n<meta property=\"og:title\" content=\"Viseca Payment Services\" \/>\n<meta property=\"og:description\" content=\"Mutmassliche Missst\u00e4nde bei Viseca melden\" \/>\n<meta property=\"og:url\" content=\"https:\/\/viseca-payment.ch\/de\/ueber-viseca\/ueber-uns\/whistleblowing\/\" \/>\n<meta property=\"og:site_name\" content=\"Viseca Payment Services\" \/>\n<meta property=\"article:modified_time\" content=\"2026-03-27T11:00:29+00:00\" \/>\n<meta property=\"og:image\" content=\"https:\/\/viseca-payment.ch\/wp-content\/uploads\/2026\/03\/Whistleblowing_Header_1200x630px.jpg\" \/>\n\t<meta property=\"og:image:width\" content=\"1200\" \/>\n\t<meta property=\"og:image:height\" content=\"630\" \/>\n\t<meta property=\"og:image:type\" content=\"image\/jpeg\" \/>\n<meta name=\"twitter:card\" content=\"summary_large_image\" \/>\n<meta name=\"twitter:label1\" content=\"Gesch\u00e4tzte Lesezeit\" \/>\n\t<meta name=\"twitter:data1\" content=\"2\u00a0Minuten\" \/>\n<script type=\"application\/ld+json\" class=\"yoast-schema-graph\">{\"@context\":\"https:\/\/schema.org\",\"@graph\":[{\"@type\":\"WebPage\",\"@id\":\"https:\/\/viseca-payment.ch\/de\/ueber-viseca\/ueber-uns\/whistleblowing\/\",\"url\":\"https:\/\/viseca-payment.ch\/de\/ueber-viseca\/ueber-uns\/whistleblowing\/\",\"name\":\"Viseca Payment Services\",\"isPartOf\":{\"@id\":\"https:\/\/viseca-payment.ch\/de\/#website\"},\"datePublished\":\"2022-12-21T07:45:27+00:00\",\"dateModified\":\"2026-03-27T11:00:29+00:00\",\"description\":\"Mutmassliche Missst\u00e4nde bei Viseca melden\",\"breadcrumb\":{\"@id\":\"https:\/\/viseca-payment.ch\/de\/ueber-viseca\/ueber-uns\/whistleblowing\/#breadcrumb\"},\"inLanguage\":\"de\",\"potentialAction\":[{\"@type\":\"ReadAction\",\"target\":[\"https:\/\/viseca-payment.ch\/de\/ueber-viseca\/ueber-uns\/whistleblowing\/\"]}]},{\"@type\":\"BreadcrumbList\",\"@id\":\"https:\/\/viseca-payment.ch\/de\/ueber-viseca\/ueber-uns\/whistleblowing\/#breadcrumb\",\"itemListElement\":[{\"@type\":\"ListItem\",\"position\":1,\"name\":\"\u00dcber Viseca\",\"item\":\"https:\/\/viseca-payment.ch\/de\/ueber-viseca\/\"},{\"@type\":\"ListItem\",\"position\":2,\"name\":\"\u00dcber uns\",\"item\":\"https:\/\/viseca-payment.ch\/de\/ueber-viseca\/ueber-uns\/\"},{\"@type\":\"ListItem\",\"position\":3,\"name\":\"Whistleblowing\"}]},{\"@type\":\"WebSite\",\"@id\":\"https:\/\/viseca-payment.ch\/de\/#website\",\"url\":\"https:\/\/viseca-payment.ch\/de\/\",\"name\":\"Home | Viseca Payment Services\",\"description\":\"\",\"potentialAction\":[{\"@type\":\"SearchAction\",\"target\":{\"@type\":\"EntryPoint\",\"urlTemplate\":\"https:\/\/viseca-payment.ch\/de\/?s={search_term_string}\"},\"query-input\":{\"@type\":\"PropertyValueSpecification\",\"valueRequired\":true,\"valueName\":\"search_term_string\"}}],\"inLanguage\":\"de\"}]}<\/script>\n<!-- \/ Yoast SEO plugin. -->","yoast_head_json":{"title":"Viseca Payment Services","description":"Mutmassliche Missst\u00e4nde bei Viseca melden","robots":{"index":"index","follow":"follow","max-snippet":"max-snippet:-1","max-image-preview":"max-image-preview:large","max-video-preview":"max-video-preview:-1"},"canonical":"https:\/\/viseca-payment.ch\/de\/ueber-viseca\/ueber-uns\/whistleblowing\/","og_locale":"de_DE","og_type":"article","og_title":"Viseca Payment Services","og_description":"Mutmassliche Missst\u00e4nde bei Viseca melden","og_url":"https:\/\/viseca-payment.ch\/de\/ueber-viseca\/ueber-uns\/whistleblowing\/","og_site_name":"Viseca Payment Services","article_modified_time":"2026-03-27T11:00:29+00:00","og_image":[{"width":1200,"height":630,"url":"https:\/\/viseca-payment.ch\/wp-content\/uploads\/2026\/03\/Whistleblowing_Header_1200x630px.jpg","type":"image\/jpeg"}],"twitter_card":"summary_large_image","twitter_misc":{"Gesch\u00e4tzte Lesezeit":"2\u00a0Minuten"},"schema":{"@context":"https:\/\/schema.org","@graph":[{"@type":"WebPage","@id":"https:\/\/viseca-payment.ch\/de\/ueber-viseca\/ueber-uns\/whistleblowing\/","url":"https:\/\/viseca-payment.ch\/de\/ueber-viseca\/ueber-uns\/whistleblowing\/","name":"Viseca Payment Services","isPartOf":{"@id":"https:\/\/viseca-payment.ch\/de\/#website"},"datePublished":"2022-12-21T07:45:27+00:00","dateModified":"2026-03-27T11:00:29+00:00","description":"Mutmassliche Missst\u00e4nde bei Viseca melden","breadcrumb":{"@id":"https:\/\/viseca-payment.ch\/de\/ueber-viseca\/ueber-uns\/whistleblowing\/#breadcrumb"},"inLanguage":"de","potentialAction":[{"@type":"ReadAction","target":["https:\/\/viseca-payment.ch\/de\/ueber-viseca\/ueber-uns\/whistleblowing\/"]}]},{"@type":"BreadcrumbList","@id":"https:\/\/viseca-payment.ch\/de\/ueber-viseca\/ueber-uns\/whistleblowing\/#breadcrumb","itemListElement":[{"@type":"ListItem","position":1,"name":"\u00dcber Viseca","item":"https:\/\/viseca-payment.ch\/de\/ueber-viseca\/"},{"@type":"ListItem","position":2,"name":"\u00dcber uns","item":"https:\/\/viseca-payment.ch\/de\/ueber-viseca\/ueber-uns\/"},{"@type":"ListItem","position":3,"name":"Whistleblowing"}]},{"@type":"WebSite","@id":"https:\/\/viseca-payment.ch\/de\/#website","url":"https:\/\/viseca-payment.ch\/de\/","name":"Home | Viseca Payment Services","description":"","potentialAction":[{"@type":"SearchAction","target":{"@type":"EntryPoint","urlTemplate":"https:\/\/viseca-payment.ch\/de\/?s={search_term_string}"},"query-input":{"@type":"PropertyValueSpecification","valueRequired":true,"valueName":"search_term_string"}}],"inLanguage":"de"}]}},"_links":{"self":[{"href":"https:\/\/viseca-payment.ch\/de\/wp-json\/wp\/v2\/pages\/6820","targetHints":{"allow":["GET"]}}],"collection":[{"href":"https:\/\/viseca-payment.ch\/de\/wp-json\/wp\/v2\/pages"}],"about":[{"href":"https:\/\/viseca-payment.ch\/de\/wp-json\/wp\/v2\/types\/page"}],"author":[{"embeddable":true,"href":"https:\/\/viseca-payment.ch\/de\/wp-json\/wp\/v2\/users\/5"}],"replies":[{"embeddable":true,"href":"https:\/\/viseca-payment.ch\/de\/wp-json\/wp\/v2\/comments?post=6820"}],"version-history":[{"count":51,"href":"https:\/\/viseca-payment.ch\/de\/wp-json\/wp\/v2\/pages\/6820\/revisions"}],"predecessor-version":[{"id":11517,"href":"https:\/\/viseca-payment.ch\/de\/wp-json\/wp\/v2\/pages\/6820\/revisions\/11517"}],"up":[{"embeddable":true,"href":"https:\/\/viseca-payment.ch\/de\/wp-json\/wp\/v2\/pages\/1048"}],"wp:attachment":[{"href":"https:\/\/viseca-payment.ch\/de\/wp-json\/wp\/v2\/media?parent=6820"}],"curies":[{"name":"wp","href":"https:\/\/api.w.org\/{rel}","templated":true}]}}