{"id":2717,"date":"2021-12-13T08:04:07","date_gmt":"2021-12-13T06:04:07","guid":{"rendered":"https:\/\/viseca-payment.ch\/a-propos-de-viseca-card-services\/"},"modified":"2026-03-27T14:17:46","modified_gmt":"2026-03-27T12:17:46","slug":"a-propos-de-viseca-card-services","status":"publish","type":"page","link":"https:\/\/viseca-payment.ch\/fr\/a-propos-de-viseca-card-services\/","title":{"rendered":"Viseca Card Services"},"content":{"rendered":"\t\t<div data-elementor-type=\"wp-page\" data-elementor-id=\"2717\" class=\"elementor elementor-2717 elementor-1126\" data-elementor-post-type=\"page\">\n\t\t\t\t\t\t<section class=\"elementor-section elementor-top-section elementor-element elementor-element-4ed70a5 elementor-section-height-min-height elementor-section-boxed elementor-section-height-default elementor-section-items-middle\" data-id=\"4ed70a5\" data-element_type=\"section\" data-e-type=\"section\" data-settings=\"{&quot;background_background&quot;:&quot;classic&quot;}\">\n\t\t\t\t\t\t<div class=\"elementor-container elementor-column-gap-default\">\n\t\t\t\t\t<div class=\"elementor-column elementor-col-100 elementor-top-column elementor-element elementor-element-83b4de9\" data-id=\"83b4de9\" data-element_type=\"column\" data-e-type=\"column\">\n\t\t\t<div class=\"elementor-widget-wrap elementor-element-populated\">\n\t\t\t\t\t\t<div class=\"elementor-element elementor-element-b0d2c8f elementor-widget elementor-widget-heading\" data-id=\"b0d2c8f\" data-element_type=\"widget\" data-e-type=\"widget\" data-widget_type=\"heading.default\">\n\t\t\t\t<div class=\"elementor-widget-container\">\n\t\t\t\t\t<h1 class=\"elementor-heading-title elementor-size-default\">A propos de Viseca Card Services<\/h1>\t\t\t\t<\/div>\n\t\t\t\t<\/div>\n\t\t\t\t\t<\/div>\n\t\t<\/div>\n\t\t\t\t\t<\/div>\n\t\t<\/section>\n\t\t\t\t<section class=\"elementor-section elementor-top-section elementor-element elementor-element-0ba45c9 elementor-section-boxed elementor-section-height-default elementor-section-height-default\" data-id=\"0ba45c9\" data-element_type=\"section\" data-e-type=\"section\">\n\t\t\t\t\t\t<div class=\"elementor-container elementor-column-gap-default\">\n\t\t\t\t\t<div class=\"elementor-column elementor-col-100 elementor-top-column elementor-element elementor-element-c65dd03\" data-id=\"c65dd03\" data-element_type=\"column\" data-e-type=\"column\">\n\t\t\t<div class=\"elementor-widget-wrap elementor-element-populated\">\n\t\t\t\t\t\t<div class=\"elementor-element elementor-element-1c7cbfa elementor-widget elementor-widget-text-editor\" data-id=\"1c7cbfa\" data-element_type=\"widget\" data-e-type=\"widget\" data-widget_type=\"text-editor.default\">\n\t\t\t\t<div class=\"elementor-widget-container\">\n\t\t\t\t\t\t\t\t\t<p>Viseca Card Services SA est l\u2019une des principales \u00e9mettrices suisses de cartes de cr\u00e9dit et prepaid propos\u00e9es par Mastercard\u00ae et Visa, les deux leaders mondiaux du secteur. Nous prenons en charge l\u2019ensemble des solutions de paiement num\u00e9riques couramment utilis\u00e9es en Suisse et dans le monde. En outre, gr\u00e2ce \u00e0 one, notre app innovante, nos clients gardent en tout temps et depuis partout un contr\u00f4le total de leurs d\u00e9penses.<\/p>\n\t\t\t\t\t\t\t\t<\/div>\n\t\t\t\t<\/div>\n\t\t\t\t\t<\/div>\n\t\t<\/div>\n\t\t\t\t\t<\/div>\n\t\t<\/section>\n\t\t\t\t<section class=\"elementor-section elementor-top-section elementor-element elementor-element-8a791dc animated-fast elementor-section-boxed elementor-section-height-default elementor-section-height-default elementor-invisible\" data-id=\"8a791dc\" data-element_type=\"section\" data-e-type=\"section\" data-settings=\"{&quot;animation&quot;:&quot;fadeIn&quot;,&quot;background_background&quot;:&quot;classic&quot;}\">\n\t\t\t\t\t\t<div class=\"elementor-container elementor-column-gap-default\">\n\t\t\t\t\t<div class=\"elementor-column elementor-col-100 elementor-top-column elementor-element elementor-element-bb350fe\" data-id=\"bb350fe\" data-element_type=\"column\" data-e-type=\"column\">\n\t\t\t<div class=\"elementor-widget-wrap elementor-element-populated\">\n\t\t\t\t\t\t<div class=\"elementor-element elementor-element-dabb89c elementor-widget elementor-widget-heading\" data-id=\"dabb89c\" data-element_type=\"widget\" data-e-type=\"widget\" data-widget_type=\"heading.default\">\n\t\t\t\t<div class=\"elementor-widget-container\">\n\t\t\t\t\t<h2 class=\"elementor-heading-title elementor-size-default\">Viseca Card Services \u2013 des cartes adapt\u00e9es sur mesure aux clients finaux<\/h2>\t\t\t\t<\/div>\n\t\t\t\t<\/div>\n\t\t\t\t<div class=\"elementor-element elementor-element-c1cd1ba elementor-widget elementor-widget-text-editor\" data-id=\"c1cd1ba\" data-element_type=\"widget\" data-e-type=\"widget\" data-widget_type=\"text-editor.default\">\n\t\t\t\t<div class=\"elementor-widget-container\">\n\t\t\t\t\t\t\t\t\t<p>Une large gamme de cartes modernes ainsi qu\u2019une vaste offre de prestations permettent l\u2019\u00e9laboration de solutions sur mesure r\u00e9pondant aux besoins les plus divers des clients. Pour toutes les cartes \u2013 qu\u2019elles soient \u00e9mises par nos soins, par des banques clientes ou par des partenaires de co-branding \u2013, nous accordons la priorit\u00e9 \u00e0 la qualit\u00e9, \u00e0 la comp\u00e9tence et au service.<\/p>\n\t\t\t\t\t\t\t\t<\/div>\n\t\t\t\t<\/div>\n\t\t\t\t<div class=\"elementor-element elementor-element-2d3d22b elementor-widget elementor-widget-button\" data-id=\"2d3d22b\" data-element_type=\"widget\" data-e-type=\"widget\" data-widget_type=\"button.default\">\n\t\t\t\t<div class=\"elementor-widget-container\">\n\t\t\t\t\t\t\t\t\t<div class=\"elementor-button-wrapper\">\n\t\t\t\t\t<a class=\"elementor-button elementor-button-link elementor-size-sm\" href=\"https:\/\/www.viseca.ch\/fr\" target=\"_blank\">\n\t\t\t\t\t\t<span class=\"elementor-button-content-wrapper\">\n\t\t\t\t\t\t<span class=\"elementor-button-icon\">\n\t\t\t\t<i aria-hidden=\"true\" class=\"far fa-arrow-alt-circle-right\"><\/i>\t\t\t<\/span>\n\t\t\t\t\t\t\t\t\t<span class=\"elementor-button-text\">Vers le site web<\/span>\n\t\t\t\t\t<\/span>\n\t\t\t\t\t<\/a>\n\t\t\t\t<\/div>\n\t\t\t\t\t\t\t\t<\/div>\n\t\t\t\t<\/div>\n\t\t\t\t\t<\/div>\n\t\t<\/div>\n\t\t\t\t\t<\/div>\n\t\t<\/section>\n\t\t\t\t<section class=\"elementor-section elementor-top-section elementor-element elementor-element-3339fff4 elementor-section-boxed elementor-section-height-default elementor-section-height-default\" data-id=\"3339fff4\" data-element_type=\"section\" data-e-type=\"section\" data-settings=\"{&quot;background_background&quot;:&quot;classic&quot;}\">\n\t\t\t\t\t\t<div class=\"elementor-container elementor-column-gap-default\">\n\t\t\t\t\t<div class=\"elementor-column elementor-col-50 elementor-top-column elementor-element elementor-element-663089f9\" data-id=\"663089f9\" data-element_type=\"column\" data-e-type=\"column\">\n\t\t\t<div class=\"elementor-widget-wrap elementor-element-populated\">\n\t\t\t\t\t\t<div class=\"elementor-element elementor-element-7d8f3d16 elementor-widget elementor-widget-image\" data-id=\"7d8f3d16\" data-element_type=\"widget\" data-e-type=\"widget\" data-widget_type=\"image.default\">\n\t\t\t\t<div class=\"elementor-widget-container\">\n\t\t\t\t\t\t\t\t\t\t\t\t\t\t\t<img fetchpriority=\"high\" decoding=\"async\" width=\"586\" height=\"330\" src=\"https:\/\/viseca-payment.ch\/wp-content\/uploads\/2020\/09\/Tag3_14_07_20__0245_586x330.jpg\" class=\"attachment-large size-large wp-image-269\" alt=\"\" srcset=\"https:\/\/viseca-payment.ch\/wp-content\/uploads\/2020\/09\/Tag3_14_07_20__0245_586x330.jpg 586w, https:\/\/viseca-payment.ch\/wp-content\/uploads\/2020\/09\/Tag3_14_07_20__0245_586x330-300x169.jpg 300w\" sizes=\"(max-width: 586px) 100vw, 586px\" \/>\t\t\t\t\t\t\t\t\t\t\t\t\t\t\t<\/div>\n\t\t\t\t<\/div>\n\t\t\t\t\t<\/div>\n\t\t<\/div>\n\t\t\t\t<div class=\"elementor-column elementor-col-50 elementor-top-column elementor-element elementor-element-6e03846b\" data-id=\"6e03846b\" data-element_type=\"column\" data-e-type=\"column\">\n\t\t\t<div class=\"elementor-widget-wrap elementor-element-populated\">\n\t\t\t\t\t\t<div class=\"elementor-element elementor-element-97a1de1 elementor-widget elementor-widget-heading\" data-id=\"97a1de1\" data-element_type=\"widget\" data-e-type=\"widget\" data-widget_type=\"heading.default\">\n\t\t\t\t<div class=\"elementor-widget-container\">\n\t\t\t\t\t<h2 class=\"elementor-heading-title elementor-size-default\">Travailler pour Viseca Card Services<\/h2>\t\t\t\t<\/div>\n\t\t\t\t<\/div>\n\t\t\t\t<div class=\"elementor-element elementor-element-4ba5a4af elementor-widget elementor-widget-text-editor\" data-id=\"4ba5a4af\" data-element_type=\"widget\" data-e-type=\"widget\" data-widget_type=\"text-editor.default\">\n\t\t\t\t<div class=\"elementor-widget-container\">\n\t\t\t\t\t\t\t\t\t<h5><strong>Offres d\u2019emploi<\/strong><\/h5>\n<p>Vous \u00eates \u00e0 la recherche d\u2019un nouveau d\u00e9fi \u00e0 relever? Vous trouverez nos offres d\u2019emploi sur le site Internet du Viseca.\u00a0<\/p>\n\t\t\t\t\t\t\t\t<\/div>\n\t\t\t\t<\/div>\n\t\t\t\t<div class=\"elementor-element elementor-element-7d9944c elementor-widget elementor-widget-button\" data-id=\"7d9944c\" data-element_type=\"widget\" data-e-type=\"widget\" data-widget_type=\"button.default\">\n\t\t\t\t<div class=\"elementor-widget-container\">\n\t\t\t\t\t\t\t\t\t<div class=\"elementor-button-wrapper\">\n\t\t\t\t\t<a class=\"elementor-button elementor-button-link elementor-size-sm\" href=\"https:\/\/www.viseca.ch\/fr\/unternehmen\/stellenangebote-fr\" target=\"_blank\">\n\t\t\t\t\t\t<span class=\"elementor-button-content-wrapper\">\n\t\t\t\t\t\t<span class=\"elementor-button-icon\">\n\t\t\t\t<i aria-hidden=\"true\" class=\"far fa-arrow-alt-circle-right\"><\/i>\t\t\t<\/span>\n\t\t\t\t\t\t\t\t\t<span class=\"elementor-button-text\">Voir les offres d\u2019emploi<\/span>\n\t\t\t\t\t<\/span>\n\t\t\t\t\t<\/a>\n\t\t\t\t<\/div>\n\t\t\t\t\t\t\t\t<\/div>\n\t\t\t\t<\/div>\n\t\t\t\t<div class=\"elementor-element elementor-element-3a34259d elementor-widget elementor-widget-text-editor\" data-id=\"3a34259d\" data-element_type=\"widget\" data-e-type=\"widget\" data-widget_type=\"text-editor.default\">\n\t\t\t\t<div class=\"elementor-widget-container\">\n\t\t\t\t\t\t\t\t\t<div>\n<div>\n<h5><strong>Places d\u2019apprentissage<\/strong><\/h5>\n<\/div>\n<div>Chaque ann\u00e9e, nous offrons des perspectives \u00e0 des jeunes en cr\u00e9ant des places de formation.<\/div>\n<\/div>\n\t\t\t\t\t\t\t\t<\/div>\n\t\t\t\t<\/div>\n\t\t\t\t<div class=\"elementor-element elementor-element-583e9ae6 elementor-widget elementor-widget-button\" data-id=\"583e9ae6\" data-element_type=\"widget\" data-e-type=\"widget\" data-widget_type=\"button.default\">\n\t\t\t\t<div class=\"elementor-widget-container\">\n\t\t\t\t\t\t\t\t\t<div class=\"elementor-button-wrapper\">\n\t\t\t\t\t<a class=\"elementor-button elementor-button-link elementor-size-sm\" href=\"https:\/\/www.viseca.ch\/fr\/unternehmen\/stellenangebote-fr\" target=\"_blank\">\n\t\t\t\t\t\t<span class=\"elementor-button-content-wrapper\">\n\t\t\t\t\t\t<span class=\"elementor-button-icon\">\n\t\t\t\t<i aria-hidden=\"true\" class=\"far fa-arrow-alt-circle-right\"><\/i>\t\t\t<\/span>\n\t\t\t\t\t\t\t\t\t<span class=\"elementor-button-text\">Voir les places de formation<\/span>\n\t\t\t\t\t<\/span>\n\t\t\t\t\t<\/a>\n\t\t\t\t<\/div>\n\t\t\t\t\t\t\t\t<\/div>\n\t\t\t\t<\/div>\n\t\t\t\t\t<\/div>\n\t\t<\/div>\n\t\t\t\t\t<\/div>\n\t\t<\/section>\n\t\t\t\t<section class=\"elementor-section elementor-top-section elementor-element elementor-element-9227b14 elementor-section-boxed elementor-section-height-default elementor-section-height-default\" data-id=\"9227b14\" data-element_type=\"section\" data-e-type=\"section\">\n\t\t\t\t\t\t<div class=\"elementor-container elementor-column-gap-default\">\n\t\t\t\t\t<div class=\"elementor-column elementor-col-100 elementor-top-column elementor-element elementor-element-1999f6c\" data-id=\"1999f6c\" data-element_type=\"column\" data-e-type=\"column\">\n\t\t\t<div class=\"elementor-widget-wrap elementor-element-populated\">\n\t\t\t\t\t\t<div class=\"elementor-element elementor-element-0c637b0 elementor-widget elementor-widget-heading\" data-id=\"0c637b0\" data-element_type=\"widget\" data-e-type=\"widget\" data-widget_type=\"heading.default\">\n\t\t\t\t<div class=\"elementor-widget-container\">\n\t\t\t\t\t<h2 class=\"elementor-heading-title elementor-size-default\">Des banques partenaires solides<\/h2>\t\t\t\t<\/div>\n\t\t\t\t<\/div>\n\t\t\t\t<div class=\"elementor-element elementor-element-cb3683b elementor-widget elementor-widget-text-editor\" data-id=\"cb3683b\" data-element_type=\"widget\" data-e-type=\"widget\" data-widget_type=\"text-editor.default\">\n\t\t\t\t<div class=\"elementor-widget-container\">\n\t\t\t\t\t\t\t\t\t<p>Nous travaillons en \u00e9troite collaboration avec nos partenaires.<\/p>\n\t\t\t\t\t\t\t\t<\/div>\n\t\t\t\t<\/div>\n\t\t\t\t\t<\/div>\n\t\t<\/div>\n\t\t\t\t\t<\/div>\n\t\t<\/section>\n\t\t\t\t<section class=\"elementor-section elementor-top-section elementor-element elementor-element-502c0e0 elementor-section-boxed elementor-section-height-default elementor-section-height-default\" data-id=\"502c0e0\" data-element_type=\"section\" data-e-type=\"section\">\n\t\t\t\t\t\t<div class=\"elementor-container elementor-column-gap-default\">\n\t\t\t\t\t<div class=\"elementor-column elementor-col-25 elementor-top-column elementor-element elementor-element-ea17a90\" data-id=\"ea17a90\" data-element_type=\"column\" data-e-type=\"column\">\n\t\t\t<div class=\"elementor-widget-wrap elementor-element-populated\">\n\t\t\t\t\t\t<div class=\"elementor-element elementor-element-489a21d elementor-widget elementor-widget-image\" data-id=\"489a21d\" data-element_type=\"widget\" data-e-type=\"widget\" data-widget_type=\"image.default\">\n\t\t\t\t<div class=\"elementor-widget-container\">\n\t\t\t\t\t\t\t\t\t\t\t\t\t\t\t\t<a href=\"https:\/\/www.cler.ch\/de\/privatkunden\/\">\n\t\t\t\t\t\t\t<img decoding=\"async\" width=\"560\" height=\"150\" src=\"https:\/\/viseca-payment.ch\/wp-content\/uploads\/2021\/12\/Viseca_Cler-Logo-grau.png\" class=\"attachment-large size-large wp-image-2382\" alt=\"\" srcset=\"https:\/\/viseca-payment.ch\/wp-content\/uploads\/2021\/12\/Viseca_Cler-Logo-grau.png 560w, https:\/\/viseca-payment.ch\/wp-content\/uploads\/2021\/12\/Viseca_Cler-Logo-grau-300x80.png 300w\" sizes=\"(max-width: 560px) 100vw, 560px\" \/>\t\t\t\t\t\t\t\t<\/a>\n\t\t\t\t\t\t\t\t\t\t\t\t\t\t\t<\/div>\n\t\t\t\t<\/div>\n\t\t\t\t\t<\/div>\n\t\t<\/div>\n\t\t\t\t<div class=\"elementor-column elementor-col-25 elementor-top-column elementor-element elementor-element-d35f3e6\" data-id=\"d35f3e6\" data-element_type=\"column\" data-e-type=\"column\">\n\t\t\t<div class=\"elementor-widget-wrap elementor-element-populated\">\n\t\t\t\t\t\t<div class=\"elementor-element elementor-element-94d6562 elementor-widget elementor-widget-image\" data-id=\"94d6562\" data-element_type=\"widget\" data-e-type=\"widget\" data-widget_type=\"image.default\">\n\t\t\t\t<div class=\"elementor-widget-container\">\n\t\t\t\t\t\t\t\t\t\t\t\t\t\t\t\t<a href=\"https:\/\/www.clientis.ch\/\">\n\t\t\t\t\t\t\t<img decoding=\"async\" width=\"560\" height=\"150\" src=\"https:\/\/viseca-payment.ch\/wp-content\/uploads\/2021\/12\/Viseca_Clientis-Logo-grau.png\" class=\"attachment-large size-large wp-image-2370\" alt=\"\" srcset=\"https:\/\/viseca-payment.ch\/wp-content\/uploads\/2021\/12\/Viseca_Clientis-Logo-grau.png 560w, https:\/\/viseca-payment.ch\/wp-content\/uploads\/2021\/12\/Viseca_Clientis-Logo-grau-300x80.png 300w\" sizes=\"(max-width: 560px) 100vw, 560px\" \/>\t\t\t\t\t\t\t\t<\/a>\n\t\t\t\t\t\t\t\t\t\t\t\t\t\t\t<\/div>\n\t\t\t\t<\/div>\n\t\t\t\t\t<\/div>\n\t\t<\/div>\n\t\t\t\t<div class=\"elementor-column elementor-col-25 elementor-top-column elementor-element elementor-element-e7ea7a3\" data-id=\"e7ea7a3\" data-element_type=\"column\" data-e-type=\"column\">\n\t\t\t<div class=\"elementor-widget-wrap elementor-element-populated\">\n\t\t\t\t\t\t<div class=\"elementor-element elementor-element-655b98b elementor-widget elementor-widget-image\" data-id=\"655b98b\" data-element_type=\"widget\" data-e-type=\"widget\" data-widget_type=\"image.default\">\n\t\t\t\t<div class=\"elementor-widget-container\">\n\t\t\t\t\t\t\t\t\t\t\t\t\t\t\t\t<a href=\"http:\/\/www.entris-holding.ch\/\">\n\t\t\t\t\t\t\t<img loading=\"lazy\" decoding=\"async\" width=\"560\" height=\"150\" src=\"https:\/\/viseca-payment.ch\/wp-content\/uploads\/2021\/12\/Entris-logo-grau.png\" class=\"attachment-large size-large wp-image-2386\" alt=\"\" srcset=\"https:\/\/viseca-payment.ch\/wp-content\/uploads\/2021\/12\/Entris-logo-grau.png 560w, https:\/\/viseca-payment.ch\/wp-content\/uploads\/2021\/12\/Entris-logo-grau-300x80.png 300w\" sizes=\"(max-width: 560px) 100vw, 560px\" \/>\t\t\t\t\t\t\t\t<\/a>\n\t\t\t\t\t\t\t\t\t\t\t\t\t\t\t<\/div>\n\t\t\t\t<\/div>\n\t\t\t\t\t<\/div>\n\t\t<\/div>\n\t\t\t\t<div class=\"elementor-column elementor-col-25 elementor-top-column elementor-element elementor-element-bff283b\" data-id=\"bff283b\" data-element_type=\"column\" data-e-type=\"column\">\n\t\t\t<div class=\"elementor-widget-wrap elementor-element-populated\">\n\t\t\t\t\t\t<div class=\"elementor-element elementor-element-36f64dc elementor-widget elementor-widget-image\" data-id=\"36f64dc\" data-element_type=\"widget\" data-e-type=\"widget\" data-widget_type=\"image.default\">\n\t\t\t\t<div class=\"elementor-widget-container\">\n\t\t\t\t\t\t\t\t\t\t\t\t\t\t\t\t<a href=\"https:\/\/www.kantonalbank.ch\/de-CH\/Home\">\n\t\t\t\t\t\t\t<img loading=\"lazy\" decoding=\"async\" width=\"560\" height=\"150\" src=\"https:\/\/viseca-payment.ch\/wp-content\/uploads\/2021\/12\/Viseca_Kantonalbank-Logo-grau_de.png\" class=\"attachment-large size-large wp-image-2374\" alt=\"\" srcset=\"https:\/\/viseca-payment.ch\/wp-content\/uploads\/2021\/12\/Viseca_Kantonalbank-Logo-grau_de.png 560w, https:\/\/viseca-payment.ch\/wp-content\/uploads\/2021\/12\/Viseca_Kantonalbank-Logo-grau_de-300x80.png 300w\" sizes=\"(max-width: 560px) 100vw, 560px\" \/>\t\t\t\t\t\t\t\t<\/a>\n\t\t\t\t\t\t\t\t\t\t\t\t\t\t\t<\/div>\n\t\t\t\t<\/div>\n\t\t\t\t\t<\/div>\n\t\t<\/div>\n\t\t\t\t\t<\/div>\n\t\t<\/section>\n\t\t\t\t<\/div>\n\t\t","protected":false},"excerpt":{"rendered":"<p>A propos de Viseca Card Services Viseca Card Services SA est l\u2019une des principales \u00e9mettrices suisses de cartes de cr\u00e9dit et prepaid propos\u00e9es par Mastercard\u00ae et Visa, les deux leaders mondiaux du secteur. Nous prenons en charge l\u2019ensemble des solutions de paiement num\u00e9riques couramment utilis\u00e9es en Suisse et dans le monde. En outre, gr\u00e2ce \u00e0 [&hellip;]<\/p>\n","protected":false},"author":5,"featured_media":0,"parent":0,"menu_order":0,"comment_status":"closed","ping_status":"closed","template":"","meta":{"_acf_changed":false,"footnotes":""},"class_list":["post-2717","page","type-page","status-publish","hentry"],"acf":[],"yoast_head":"<!-- This site is optimized with the Yoast SEO plugin v27.2 - https:\/\/yoast.com\/product\/yoast-seo-wordpress\/ -->\n<title>Viseca Payment Services<\/title>\n<meta name=\"description\" content=\"Viseca Card Services SA est l\u2019une des principales \u00e9mettrices suisses de cartes de cr\u00e9dit et prepaid propos\u00e9es par Mastercard\u00ae et Visa, les deux leaders mondiaux du secteur.\" \/>\n<meta name=\"robots\" content=\"index, follow, max-snippet:-1, max-image-preview:large, max-video-preview:-1\" \/>\n<link rel=\"canonical\" href=\"https:\/\/viseca-payment.ch\/de\/viseca-card-services\/\" \/>\n<meta property=\"og:locale\" content=\"fr_FR\" \/>\n<meta property=\"og:type\" content=\"article\" \/>\n<meta property=\"og:title\" content=\"Viseca Payment Services\" \/>\n<meta property=\"og:description\" content=\"Viseca Card Services SA est l\u2019une des principales \u00e9mettrices suisses de cartes de cr\u00e9dit et prepaid propos\u00e9es par Mastercard\u00ae et Visa, les deux leaders mondiaux du secteur.\" \/>\n<meta property=\"og:url\" content=\"https:\/\/viseca-payment.ch\/de\/viseca-card-services\/\" \/>\n<meta property=\"og:site_name\" content=\"Viseca Payment Services\" \/>\n<meta property=\"article:modified_time\" content=\"2026-03-27T12:17:46+00:00\" \/>\n<meta property=\"og:image\" content=\"https:\/\/viseca-payment.ch\/wp-content\/uploads\/2026\/03\/Aduno_Tag_3_1200x630px.jpg\" \/>\n\t<meta property=\"og:image:width\" content=\"1200\" \/>\n\t<meta property=\"og:image:height\" content=\"630\" \/>\n\t<meta property=\"og:image:type\" content=\"image\/jpeg\" \/>\n<meta name=\"twitter:card\" content=\"summary_large_image\" \/>\n<meta name=\"twitter:label1\" content=\"Dur\u00e9e de lecture estim\u00e9e\" \/>\n\t<meta name=\"twitter:data1\" content=\"3 minutes\" \/>\n<script type=\"application\/ld+json\" class=\"yoast-schema-graph\">{\"@context\":\"https:\/\/schema.org\",\"@graph\":[{\"@type\":\"WebPage\",\"@id\":\"https:\/\/viseca-payment.ch\/fr\/a-propos-de-viseca-card-services\/\",\"url\":\"https:\/\/viseca-payment.ch\/de\/viseca-card-services\/\",\"name\":\"Viseca Payment Services\",\"isPartOf\":{\"@id\":\"https:\/\/viseca-payment.ch\/de\/#website\"},\"primaryImageOfPage\":{\"@id\":\"https:\/\/viseca-payment.ch\/de\/viseca-card-services\/#primaryimage\"},\"image\":{\"@id\":\"https:\/\/viseca-payment.ch\/de\/viseca-card-services\/#primaryimage\"},\"thumbnailUrl\":\"https:\/\/viseca-payment.ch\/wp-content\/uploads\/2020\/09\/Tag3_14_07_20__0245_586x330.jpg\",\"datePublished\":\"2021-12-13T06:04:07+00:00\",\"dateModified\":\"2026-03-27T12:17:46+00:00\",\"description\":\"Viseca Card Services SA est l\u2019une des principales \u00e9mettrices suisses de cartes de cr\u00e9dit et prepaid propos\u00e9es par Mastercard\u00ae et Visa, les deux leaders mondiaux du secteur.\",\"inLanguage\":\"fr-FR\",\"potentialAction\":[{\"@type\":\"ReadAction\",\"target\":[\"https:\/\/viseca-payment.ch\/de\/viseca-card-services\/\"]}]},{\"@type\":\"ImageObject\",\"inLanguage\":\"fr-FR\",\"@id\":\"https:\/\/viseca-payment.ch\/de\/viseca-card-services\/#primaryimage\",\"url\":\"https:\/\/viseca-payment.ch\/wp-content\/uploads\/2020\/09\/Tag3_14_07_20__0245_586x330.jpg\",\"contentUrl\":\"https:\/\/viseca-payment.ch\/wp-content\/uploads\/2020\/09\/Tag3_14_07_20__0245_586x330.jpg\"},{\"@type\":\"WebSite\",\"@id\":\"https:\/\/viseca-payment.ch\/de\/#website\",\"url\":\"https:\/\/viseca-payment.ch\/de\/\",\"name\":\"Home | Viseca Payment Services\",\"description\":\"\",\"potentialAction\":[{\"@type\":\"SearchAction\",\"target\":{\"@type\":\"EntryPoint\",\"urlTemplate\":\"https:\/\/viseca-payment.ch\/de\/?s={search_term_string}\"},\"query-input\":{\"@type\":\"PropertyValueSpecification\",\"valueRequired\":true,\"valueName\":\"search_term_string\"}}],\"inLanguage\":\"fr-FR\"}]}<\/script>\n<!-- \/ Yoast SEO plugin. -->","yoast_head_json":{"title":"Viseca Payment Services","description":"Viseca Card Services SA est l\u2019une des principales \u00e9mettrices suisses de cartes de cr\u00e9dit et prepaid propos\u00e9es par Mastercard\u00ae et Visa, les deux leaders mondiaux du secteur.","robots":{"index":"index","follow":"follow","max-snippet":"max-snippet:-1","max-image-preview":"max-image-preview:large","max-video-preview":"max-video-preview:-1"},"canonical":"https:\/\/viseca-payment.ch\/de\/viseca-card-services\/","og_locale":"fr_FR","og_type":"article","og_title":"Viseca Payment Services","og_description":"Viseca Card Services SA est l\u2019une des principales \u00e9mettrices suisses de cartes de cr\u00e9dit et prepaid propos\u00e9es par Mastercard\u00ae et Visa, les deux leaders mondiaux du secteur.","og_url":"https:\/\/viseca-payment.ch\/de\/viseca-card-services\/","og_site_name":"Viseca Payment Services","article_modified_time":"2026-03-27T12:17:46+00:00","og_image":[{"width":1200,"height":630,"url":"https:\/\/viseca-payment.ch\/wp-content\/uploads\/2026\/03\/Aduno_Tag_3_1200x630px.jpg","type":"image\/jpeg"}],"twitter_card":"summary_large_image","twitter_misc":{"Dur\u00e9e de lecture estim\u00e9e":"3 minutes"},"schema":{"@context":"https:\/\/schema.org","@graph":[{"@type":"WebPage","@id":"https:\/\/viseca-payment.ch\/fr\/a-propos-de-viseca-card-services\/","url":"https:\/\/viseca-payment.ch\/de\/viseca-card-services\/","name":"Viseca Payment Services","isPartOf":{"@id":"https:\/\/viseca-payment.ch\/de\/#website"},"primaryImageOfPage":{"@id":"https:\/\/viseca-payment.ch\/de\/viseca-card-services\/#primaryimage"},"image":{"@id":"https:\/\/viseca-payment.ch\/de\/viseca-card-services\/#primaryimage"},"thumbnailUrl":"https:\/\/viseca-payment.ch\/wp-content\/uploads\/2020\/09\/Tag3_14_07_20__0245_586x330.jpg","datePublished":"2021-12-13T06:04:07+00:00","dateModified":"2026-03-27T12:17:46+00:00","description":"Viseca Card Services SA est l\u2019une des principales \u00e9mettrices suisses de cartes de cr\u00e9dit et prepaid propos\u00e9es par Mastercard\u00ae et Visa, les deux leaders mondiaux du secteur.","inLanguage":"fr-FR","potentialAction":[{"@type":"ReadAction","target":["https:\/\/viseca-payment.ch\/de\/viseca-card-services\/"]}]},{"@type":"ImageObject","inLanguage":"fr-FR","@id":"https:\/\/viseca-payment.ch\/de\/viseca-card-services\/#primaryimage","url":"https:\/\/viseca-payment.ch\/wp-content\/uploads\/2020\/09\/Tag3_14_07_20__0245_586x330.jpg","contentUrl":"https:\/\/viseca-payment.ch\/wp-content\/uploads\/2020\/09\/Tag3_14_07_20__0245_586x330.jpg"},{"@type":"WebSite","@id":"https:\/\/viseca-payment.ch\/de\/#website","url":"https:\/\/viseca-payment.ch\/de\/","name":"Home | Viseca Payment Services","description":"","potentialAction":[{"@type":"SearchAction","target":{"@type":"EntryPoint","urlTemplate":"https:\/\/viseca-payment.ch\/de\/?s={search_term_string}"},"query-input":{"@type":"PropertyValueSpecification","valueRequired":true,"valueName":"search_term_string"}}],"inLanguage":"fr-FR"}]}},"_links":{"self":[{"href":"https:\/\/viseca-payment.ch\/fr\/wp-json\/wp\/v2\/pages\/2717","targetHints":{"allow":["GET"]}}],"collection":[{"href":"https:\/\/viseca-payment.ch\/fr\/wp-json\/wp\/v2\/pages"}],"about":[{"href":"https:\/\/viseca-payment.ch\/fr\/wp-json\/wp\/v2\/types\/page"}],"author":[{"embeddable":true,"href":"https:\/\/viseca-payment.ch\/fr\/wp-json\/wp\/v2\/users\/5"}],"replies":[{"embeddable":true,"href":"https:\/\/viseca-payment.ch\/fr\/wp-json\/wp\/v2\/comments?post=2717"}],"version-history":[{"count":13,"href":"https:\/\/viseca-payment.ch\/fr\/wp-json\/wp\/v2\/pages\/2717\/revisions"}],"predecessor-version":[{"id":16457,"href":"https:\/\/viseca-payment.ch\/fr\/wp-json\/wp\/v2\/pages\/2717\/revisions\/16457"}],"wp:attachment":[{"href":"https:\/\/viseca-payment.ch\/fr\/wp-json\/wp\/v2\/media?parent=2717"}],"curies":[{"name":"wp","href":"https:\/\/api.w.org\/{rel}","templated":true}]}}