{"id":6829,"date":"2022-12-21T10:31:08","date_gmt":"2022-12-21T08:31:08","guid":{"rendered":"https:\/\/viseca-payment.ch\/?page_id=6829"},"modified":"2026-03-27T13:00:59","modified_gmt":"2026-03-27T11:00:59","slug":"whistleblowing","status":"publish","type":"page","link":"https:\/\/viseca-payment.ch\/fr\/a-propos-de-viseca\/a-propo-de-nous\/whistleblowing\/","title":{"rendered":"Whistleblowing"},"content":{"rendered":"\t\t<div data-elementor-type=\"wp-page\" data-elementor-id=\"6829\" class=\"elementor elementor-6829 elementor-6820\" data-elementor-post-type=\"page\">\n\t\t\t\t\t\t<section class=\"elementor-section elementor-top-section elementor-element elementor-element-4ed70a5 elementor-section-height-min-height elementor-section-boxed elementor-section-height-default elementor-section-items-middle\" data-id=\"4ed70a5\" data-element_type=\"section\" data-e-type=\"section\" data-settings=\"{&quot;background_background&quot;:&quot;classic&quot;}\">\n\t\t\t\t\t\t<div class=\"elementor-container elementor-column-gap-default\">\n\t\t\t\t\t<div class=\"elementor-column elementor-col-100 elementor-top-column elementor-element elementor-element-83b4de9\" data-id=\"83b4de9\" data-element_type=\"column\" data-e-type=\"column\">\n\t\t\t<div class=\"elementor-widget-wrap elementor-element-populated\">\n\t\t\t\t\t\t<div class=\"elementor-element elementor-element-b0d2c8f elementor-widget elementor-widget-heading\" data-id=\"b0d2c8f\" data-element_type=\"widget\" data-e-type=\"widget\" data-widget_type=\"heading.default\">\n\t\t\t\t<div class=\"elementor-widget-container\">\n\t\t\t\t\t<h1 class=\"elementor-heading-title elementor-size-default\">Whistleblowing<\/h1>\t\t\t\t<\/div>\n\t\t\t\t<\/div>\n\t\t\t\t\t<\/div>\n\t\t<\/div>\n\t\t\t\t\t<\/div>\n\t\t<\/section>\n\t\t\t\t<section class=\"elementor-section elementor-top-section elementor-element elementor-element-8a791dc animated-fast elementor-section-boxed elementor-section-height-default elementor-section-height-default elementor-invisible\" data-id=\"8a791dc\" data-element_type=\"section\" data-e-type=\"section\" data-settings=\"{&quot;animation&quot;:&quot;fadeIn&quot;,&quot;background_background&quot;:&quot;classic&quot;}\">\n\t\t\t\t\t\t<div class=\"elementor-container elementor-column-gap-default\">\n\t\t\t\t\t<div class=\"elementor-column elementor-col-100 elementor-top-column elementor-element elementor-element-bb350fe\" data-id=\"bb350fe\" data-element_type=\"column\" data-e-type=\"column\">\n\t\t\t<div class=\"elementor-widget-wrap elementor-element-populated\">\n\t\t\t\t\t\t<div class=\"elementor-element elementor-element-90a536a elementor-widget elementor-widget-heading\" data-id=\"90a536a\" data-element_type=\"widget\" data-e-type=\"widget\" data-widget_type=\"heading.default\">\n\t\t\t\t<div class=\"elementor-widget-container\">\n\t\t\t\t\t<h2 class=\"elementor-heading-title elementor-size-default\">Signaler des abus suppos\u00e9s au sein de Viseca <\/h2>\t\t\t\t<\/div>\n\t\t\t\t<\/div>\n\t\t\t\t<div class=\"elementor-element elementor-element-6921921 elementor-widget elementor-widget-heading\" data-id=\"6921921\" data-element_type=\"widget\" data-e-type=\"widget\" data-widget_type=\"heading.default\">\n\t\t\t\t<div class=\"elementor-widget-container\">\n\t\t\t\t\t<h3 class=\"elementor-heading-title elementor-size-default\">G\u00e9n\u00e9ralit\u00e9s<\/h3>\t\t\t\t<\/div>\n\t\t\t\t<\/div>\n\t\t\t\t<div class=\"elementor-element elementor-element-c1cd1ba elementor-widget elementor-widget-text-editor\" data-id=\"c1cd1ba\" data-element_type=\"widget\" data-e-type=\"widget\" data-widget_type=\"text-editor.default\">\n\t\t\t\t<div class=\"elementor-widget-container\">\n\t\t\t\t\t\t\t\t\t<p>Si vous soup\u00e7onnez un abus au sein de notre organisation, nous vous prions le signaler \u00e0 notre service interne d\u00e9di\u00e9 via notre plateforme d\u2019alerte. Avec votre signalement visant \u00e0 lancer l\u2019alerte, vous nous aidez notamment \u00e0 prot\u00e9ger notre entreprise et notre personnel contre les pr\u00e9judices et \u00e0 consolider durablement notre compliance, la qualit\u00e9 de nos prestations et notre ambiance de travail.<\/p>\n\t\t\t\t\t\t\t\t<\/div>\n\t\t\t\t<\/div>\n\t\t\t\t\t<\/div>\n\t\t<\/div>\n\t\t\t\t\t<\/div>\n\t\t<\/section>\n\t\t\t\t<section class=\"elementor-section elementor-top-section elementor-element elementor-element-fbd5781 animated-fast elementor-section-boxed elementor-section-height-default elementor-section-height-default elementor-invisible\" data-id=\"fbd5781\" data-element_type=\"section\" data-e-type=\"section\" data-settings=\"{&quot;animation&quot;:&quot;fadeIn&quot;,&quot;background_background&quot;:&quot;classic&quot;}\">\n\t\t\t\t\t\t<div class=\"elementor-container elementor-column-gap-default\">\n\t\t\t\t\t<div class=\"elementor-column elementor-col-100 elementor-top-column elementor-element elementor-element-4a14d13\" data-id=\"4a14d13\" data-element_type=\"column\" data-e-type=\"column\">\n\t\t\t<div class=\"elementor-widget-wrap elementor-element-populated\">\n\t\t\t\t\t\t<div class=\"elementor-element elementor-element-f20e8e8 elementor-widget elementor-widget-heading\" data-id=\"f20e8e8\" data-element_type=\"widget\" data-e-type=\"widget\" data-widget_type=\"heading.default\">\n\t\t\t\t<div class=\"elementor-widget-container\">\n\t\t\t\t\t<h2 class=\"elementor-heading-title elementor-size-default\">Plateforme de signalement<\/h2>\t\t\t\t<\/div>\n\t\t\t\t<\/div>\n\t\t\t\t<div class=\"elementor-element elementor-element-1bc1174 elementor-widget elementor-widget-text-editor\" data-id=\"1bc1174\" data-element_type=\"widget\" data-e-type=\"widget\" data-widget_type=\"text-editor.default\">\n\t\t\t\t<div class=\"elementor-widget-container\">\n\t\t\t\t\t\t\t\t\t<p>Pour signaler tout abus pr\u00e9sum\u00e9 au sein de notre organisation, Viseca met \u00e0 disposition une plateforme d\u2019alerte tr\u00e8s s\u00fbre et facile d\u2019utilisation. Si vous le souhaitez, vous pouvez effectuer votre signalement de mani\u00e8re anonyme. Un abus peut par exemple \u00eatre un manque d\u2019int\u00e9grit\u00e9, le non-respect de prescriptions r\u00e9gulatoires et internes ou de la loi ainsi que d\u2019\u00e9ventuelles activit\u00e9s pr\u00e9judiciables \u00e0 la s\u00e9curit\u00e9, \u00e0 l\u2019environnement ou \u00e0 la sant\u00e9, ou encore d\u2019\u00e9ventuels incidents graves au poste de travail.<\/p>\n\t\t\t\t\t\t\t\t<\/div>\n\t\t\t\t<\/div>\n\t\t\t\t<div class=\"elementor-element elementor-element-0c7537e elementor-widget elementor-widget-text-editor\" data-id=\"0c7537e\" data-element_type=\"widget\" data-e-type=\"widget\" data-widget_type=\"text-editor.default\">\n\t\t\t\t<div class=\"elementor-widget-container\">\n\t\t\t\t\t\t\t\t\t<p>Si vous souhaitez transmettre des r\u00e9clamations de la part de la client\u00e8le, merci de les adresser \u00e0 nos points de contact habituels: <a href=\"https:\/\/www.viseca.ch\/fr\/service-clientele\/contact\" target=\"_blank\" rel=\"noopener\"><u>Prendre contact.<\/u><\/a><\/p>\t\t\t\t\t\t\t\t<\/div>\n\t\t\t\t<\/div>\n\t\t\t\t<div class=\"elementor-element elementor-element-0f3a47f elementor-align-left elementor-widget elementor-widget-button\" data-id=\"0f3a47f\" data-element_type=\"widget\" data-e-type=\"widget\" data-widget_type=\"button.default\">\n\t\t\t\t<div class=\"elementor-widget-container\">\n\t\t\t\t\t\t\t\t\t<div class=\"elementor-button-wrapper\">\n\t\t\t\t\t<a class=\"elementor-button elementor-button-link elementor-size-md\" href=\"https:\/\/anonymos.enquire.ch\/viseca-whistleblowing\" target=\"_blank\">\n\t\t\t\t\t\t<span class=\"elementor-button-content-wrapper\">\n\t\t\t\t\t\t<span class=\"elementor-button-icon\">\n\t\t\t\t<i aria-hidden=\"true\" class=\"far fa-arrow-alt-circle-right\"><\/i>\t\t\t<\/span>\n\t\t\t\t\t\t\t\t\t<span class=\"elementor-button-text\">Signaler ici les abus<\/span>\n\t\t\t\t\t<\/span>\n\t\t\t\t\t<\/a>\n\t\t\t\t<\/div>\n\t\t\t\t\t\t\t\t<\/div>\n\t\t\t\t<\/div>\n\t\t\t\t\t<\/div>\n\t\t<\/div>\n\t\t\t\t\t<\/div>\n\t\t<\/section>\n\t\t\t\t<section class=\"elementor-section elementor-top-section elementor-element elementor-element-080a318 animated-fast elementor-section-boxed elementor-section-height-default elementor-section-height-default elementor-invisible\" data-id=\"080a318\" data-element_type=\"section\" data-e-type=\"section\" data-settings=\"{&quot;animation&quot;:&quot;fadeIn&quot;,&quot;background_background&quot;:&quot;classic&quot;}\">\n\t\t\t\t\t\t<div class=\"elementor-container elementor-column-gap-default\">\n\t\t\t\t\t<div class=\"elementor-column elementor-col-100 elementor-top-column elementor-element elementor-element-523c653\" data-id=\"523c653\" data-element_type=\"column\" data-e-type=\"column\">\n\t\t\t<div class=\"elementor-widget-wrap elementor-element-populated\">\n\t\t\t\t\t\t<div class=\"elementor-element elementor-element-d9a8890 elementor-widget elementor-widget-heading\" data-id=\"d9a8890\" data-element_type=\"widget\" data-e-type=\"widget\" data-widget_type=\"heading.default\">\n\t\t\t\t<div class=\"elementor-widget-container\">\n\t\t\t\t\t<h2 class=\"elementor-heading-title elementor-size-default\">Proc\u00e9dure apr\u00e8s un signalement<\/h2>\t\t\t\t<\/div>\n\t\t\t\t<\/div>\n\t\t\t\t<div class=\"elementor-element elementor-element-3f0d636 elementor-widget elementor-widget-text-editor\" data-id=\"3f0d636\" data-element_type=\"widget\" data-e-type=\"widget\" data-widget_type=\"text-editor.default\">\n\t\t\t\t<div class=\"elementor-widget-container\">\n\t\t\t\t\t\t\t\t\t<p>Les violations signal\u00e9es font l\u2019objet d\u2019examens et d\u2019enqu\u00eates minutieux et ind\u00e9pendants, conform\u00e9ment aux prescriptions et directives internes de Viseca. Les \u00e9ventuels conflits d\u2019int\u00e9r\u00eats sont d\u00fbment pris en compte dans la proc\u00e9dure.<\/p>\n\t\t\t\t\t\t\t\t<\/div>\n\t\t\t\t<\/div>\n\t\t\t\t\t<\/div>\n\t\t<\/div>\n\t\t\t\t\t<\/div>\n\t\t<\/section>\n\t\t\t\t<section class=\"elementor-section elementor-top-section elementor-element elementor-element-de756f2 animated-fast elementor-section-boxed elementor-section-height-default elementor-section-height-default elementor-invisible\" data-id=\"de756f2\" data-element_type=\"section\" data-e-type=\"section\" data-settings=\"{&quot;animation&quot;:&quot;fadeIn&quot;,&quot;background_background&quot;:&quot;classic&quot;}\">\n\t\t\t\t\t\t<div class=\"elementor-container elementor-column-gap-default\">\n\t\t\t\t\t<div class=\"elementor-column elementor-col-100 elementor-top-column elementor-element elementor-element-97a5287\" data-id=\"97a5287\" data-element_type=\"column\" data-e-type=\"column\">\n\t\t\t<div class=\"elementor-widget-wrap elementor-element-populated\">\n\t\t\t\t\t\t<div class=\"elementor-element elementor-element-707a567 elementor-widget elementor-widget-heading\" data-id=\"707a567\" data-element_type=\"widget\" data-e-type=\"widget\" data-widget_type=\"heading.default\">\n\t\t\t\t<div class=\"elementor-widget-container\">\n\t\t\t\t\t<h2 class=\"elementor-heading-title elementor-size-default\">Confidentialit\u00e9<\/h2>\t\t\t\t<\/div>\n\t\t\t\t<\/div>\n\t\t\t\t<div class=\"elementor-element elementor-element-089325d elementor-widget elementor-widget-text-editor\" data-id=\"089325d\" data-element_type=\"widget\" data-e-type=\"widget\" data-widget_type=\"text-editor.default\">\n\t\t\t\t<div class=\"elementor-widget-container\">\n\t\t\t\t\t\t\t\t\t<p>Toutes les informations et clarifications r\u00e9alis\u00e9es sont trait\u00e9es de mani\u00e8re confidentielle. Viseca respecte \u00e9galement le souhait de garder l\u2019anonymat formul\u00e9 par les lanceurs d\u2019alerte. Viseca ne divulgue pas leur identit\u00e9, m\u00eame si elle vient \u00e0 \u00eatre r\u00e9v\u00e9l\u00e9e au cours de l\u2019enqu\u00eate. Dans certaines circonstances, l\u2019identit\u00e9 des lanceurs d\u2019alerte peut et doit toutefois \u00eatre divulgu\u00e9e, si cette divulgation peut \u00eatre exig\u00e9e en vertu d\u2019une base l\u00e9gale contraignante ou d\u2019une d\u00e9cision ayant force ex\u00e9cutoire ou s\u2019av\u00e8re n\u00e9cessaire pour \u00e9viter une menace s\u00e9rieuse pour les lanceurs d\u2019alerte, pour Viseca ou pour des tierces personnes.\u00a0<\/p>\n\t\t\t\t\t\t\t\t<\/div>\n\t\t\t\t<\/div>\n\t\t\t\t\t<\/div>\n\t\t<\/div>\n\t\t\t\t\t<\/div>\n\t\t<\/section>\n\t\t\t\t<section class=\"elementor-section elementor-top-section elementor-element elementor-element-d61f169 animated-fast elementor-section-boxed elementor-section-height-default elementor-section-height-default elementor-invisible\" data-id=\"d61f169\" data-element_type=\"section\" data-e-type=\"section\" data-settings=\"{&quot;animation&quot;:&quot;fadeIn&quot;,&quot;background_background&quot;:&quot;classic&quot;}\">\n\t\t\t\t\t\t<div class=\"elementor-container elementor-column-gap-default\">\n\t\t\t\t\t<div class=\"elementor-column elementor-col-100 elementor-top-column elementor-element elementor-element-6e79064\" data-id=\"6e79064\" data-element_type=\"column\" data-e-type=\"column\">\n\t\t\t<div class=\"elementor-widget-wrap elementor-element-populated\">\n\t\t\t\t\t\t<div class=\"elementor-element elementor-element-ae11ae2 elementor-widget elementor-widget-heading\" data-id=\"ae11ae2\" data-element_type=\"widget\" data-e-type=\"widget\" data-widget_type=\"heading.default\">\n\t\t\t\t<div class=\"elementor-widget-container\">\n\t\t\t\t\t<h2 class=\"elementor-heading-title elementor-size-default\">Merci!<\/h2>\t\t\t\t<\/div>\n\t\t\t\t<\/div>\n\t\t\t\t<div class=\"elementor-element elementor-element-248dcfc elementor-widget elementor-widget-text-editor\" data-id=\"248dcfc\" data-element_type=\"widget\" data-e-type=\"widget\" data-widget_type=\"text-editor.default\">\n\t\t\t\t<div class=\"elementor-widget-container\">\n\t\t\t\t\t\t\t\t\t<p>En nous informant des cas d\u2019abus, vous nous aidez \u00e0 \u00e9viter des dommages financiers, \u00e0 pr\u00e9server notre r\u00e9putation et \u00e0 p\u00e9renniser la r\u00e9ussite de Viseca. Nous vous remercions de votre soutien essentiel.<\/p>\n\t\t\t\t\t\t\t\t<\/div>\n\t\t\t\t<\/div>\n\t\t\t\t\t<\/div>\n\t\t<\/div>\n\t\t\t\t\t<\/div>\n\t\t<\/section>\n\t\t\t\t<\/div>\n\t\t","protected":false},"excerpt":{"rendered":"<p>Whistleblowing Signaler des abus suppos\u00e9s au sein de Viseca G\u00e9n\u00e9ralit\u00e9s Si vous soup\u00e7onnez un abus au sein de notre organisation, nous vous prions le signaler \u00e0 notre service interne d\u00e9di\u00e9 via notre plateforme d\u2019alerte. Avec votre signalement visant \u00e0 lancer l\u2019alerte, vous nous aidez notamment \u00e0 prot\u00e9ger notre entreprise et notre personnel contre les pr\u00e9judices [&hellip;]<\/p>\n","protected":false},"author":5,"featured_media":0,"parent":2600,"menu_order":0,"comment_status":"closed","ping_status":"closed","template":"","meta":{"_acf_changed":false,"footnotes":""},"class_list":["post-6829","page","type-page","status-publish","hentry"],"acf":[],"yoast_head":"<!-- This site is optimized with the Yoast SEO plugin v27.2 - https:\/\/yoast.com\/product\/yoast-seo-wordpress\/ -->\n<title>Viseca Payment Services<\/title>\n<meta name=\"description\" content=\"Signaler des abus suppos\u00e9s au sein de Viseca\" \/>\n<meta name=\"robots\" content=\"index, follow, max-snippet:-1, max-image-preview:large, max-video-preview:-1\" \/>\n<link rel=\"canonical\" href=\"https:\/\/viseca-payment.ch\/de\/ueber-viseca\/ueber-uns\/whistleblowing\/\" \/>\n<meta property=\"og:locale\" content=\"fr_FR\" \/>\n<meta property=\"og:type\" content=\"article\" \/>\n<meta property=\"og:title\" content=\"Viseca Payment Services\" \/>\n<meta property=\"og:description\" content=\"Signaler des abus suppos\u00e9s au sein de Viseca\" \/>\n<meta property=\"og:url\" content=\"https:\/\/viseca-payment.ch\/de\/ueber-viseca\/ueber-uns\/whistleblowing\/\" \/>\n<meta property=\"og:site_name\" content=\"Viseca Payment Services\" \/>\n<meta property=\"article:modified_time\" content=\"2026-03-27T11:00:59+00:00\" \/>\n<meta property=\"og:image\" content=\"https:\/\/viseca-payment.ch\/wp-content\/uploads\/2026\/03\/Whistleblowing_Header_1200x630px.jpg\" \/>\n\t<meta property=\"og:image:width\" content=\"1200\" \/>\n\t<meta property=\"og:image:height\" content=\"630\" \/>\n\t<meta property=\"og:image:type\" content=\"image\/jpeg\" \/>\n<meta name=\"twitter:card\" content=\"summary_large_image\" \/>\n<meta name=\"twitter:label1\" content=\"Dur\u00e9e de lecture estim\u00e9e\" \/>\n\t<meta name=\"twitter:data1\" content=\"2 minutes\" \/>\n<script type=\"application\/ld+json\" class=\"yoast-schema-graph\">{\"@context\":\"https:\/\/schema.org\",\"@graph\":[{\"@type\":\"WebPage\",\"@id\":\"https:\/\/viseca-payment.ch\/fr\/a-propos-de-viseca\/a-propo-de-nous\/whistleblowing\/\",\"url\":\"https:\/\/viseca-payment.ch\/de\/ueber-viseca\/ueber-uns\/whistleblowing\/\",\"name\":\"Viseca Payment Services\",\"isPartOf\":{\"@id\":\"https:\/\/viseca-payment.ch\/de\/#website\"},\"datePublished\":\"2022-12-21T08:31:08+00:00\",\"dateModified\":\"2026-03-27T11:00:59+00:00\",\"description\":\"Signaler des abus suppos\u00e9s au sein de Viseca\",\"breadcrumb\":{\"@id\":\"https:\/\/viseca-payment.ch\/de\/ueber-viseca\/ueber-uns\/whistleblowing\/#breadcrumb\"},\"inLanguage\":\"fr-FR\",\"potentialAction\":[{\"@type\":\"ReadAction\",\"target\":[\"https:\/\/viseca-payment.ch\/de\/ueber-viseca\/ueber-uns\/whistleblowing\/\"]}]},{\"@type\":\"BreadcrumbList\",\"@id\":\"https:\/\/viseca-payment.ch\/de\/ueber-viseca\/ueber-uns\/whistleblowing\/#breadcrumb\",\"itemListElement\":[{\"@type\":\"ListItem\",\"position\":1,\"name\":\"A propos de Viseca\",\"item\":\"https:\/\/viseca-payment.ch\/fr\/?page_id=2723\"},{\"@type\":\"ListItem\",\"position\":2,\"name\":\"Privat: A propos de nous\",\"item\":\"https:\/\/viseca-payment.ch\/fr\/a-propos-de-viseca\/a-propo-de-nous\/\"},{\"@type\":\"ListItem\",\"position\":3,\"name\":\"Whistleblowing\"}]},{\"@type\":\"WebSite\",\"@id\":\"https:\/\/viseca-payment.ch\/de\/#website\",\"url\":\"https:\/\/viseca-payment.ch\/de\/\",\"name\":\"Home | Viseca Payment Services\",\"description\":\"\",\"potentialAction\":[{\"@type\":\"SearchAction\",\"target\":{\"@type\":\"EntryPoint\",\"urlTemplate\":\"https:\/\/viseca-payment.ch\/de\/?s={search_term_string}\"},\"query-input\":{\"@type\":\"PropertyValueSpecification\",\"valueRequired\":true,\"valueName\":\"search_term_string\"}}],\"inLanguage\":\"fr-FR\"}]}<\/script>\n<!-- \/ Yoast SEO plugin. -->","yoast_head_json":{"title":"Viseca Payment Services","description":"Signaler des abus suppos\u00e9s au sein de Viseca","robots":{"index":"index","follow":"follow","max-snippet":"max-snippet:-1","max-image-preview":"max-image-preview:large","max-video-preview":"max-video-preview:-1"},"canonical":"https:\/\/viseca-payment.ch\/de\/ueber-viseca\/ueber-uns\/whistleblowing\/","og_locale":"fr_FR","og_type":"article","og_title":"Viseca Payment Services","og_description":"Signaler des abus suppos\u00e9s au sein de Viseca","og_url":"https:\/\/viseca-payment.ch\/de\/ueber-viseca\/ueber-uns\/whistleblowing\/","og_site_name":"Viseca Payment Services","article_modified_time":"2026-03-27T11:00:59+00:00","og_image":[{"width":1200,"height":630,"url":"https:\/\/viseca-payment.ch\/wp-content\/uploads\/2026\/03\/Whistleblowing_Header_1200x630px.jpg","type":"image\/jpeg"}],"twitter_card":"summary_large_image","twitter_misc":{"Dur\u00e9e de lecture estim\u00e9e":"2 minutes"},"schema":{"@context":"https:\/\/schema.org","@graph":[{"@type":"WebPage","@id":"https:\/\/viseca-payment.ch\/fr\/a-propos-de-viseca\/a-propo-de-nous\/whistleblowing\/","url":"https:\/\/viseca-payment.ch\/de\/ueber-viseca\/ueber-uns\/whistleblowing\/","name":"Viseca Payment Services","isPartOf":{"@id":"https:\/\/viseca-payment.ch\/de\/#website"},"datePublished":"2022-12-21T08:31:08+00:00","dateModified":"2026-03-27T11:00:59+00:00","description":"Signaler des abus suppos\u00e9s au sein de Viseca","breadcrumb":{"@id":"https:\/\/viseca-payment.ch\/de\/ueber-viseca\/ueber-uns\/whistleblowing\/#breadcrumb"},"inLanguage":"fr-FR","potentialAction":[{"@type":"ReadAction","target":["https:\/\/viseca-payment.ch\/de\/ueber-viseca\/ueber-uns\/whistleblowing\/"]}]},{"@type":"BreadcrumbList","@id":"https:\/\/viseca-payment.ch\/de\/ueber-viseca\/ueber-uns\/whistleblowing\/#breadcrumb","itemListElement":[{"@type":"ListItem","position":1,"name":"A propos de Viseca","item":"https:\/\/viseca-payment.ch\/fr\/?page_id=2723"},{"@type":"ListItem","position":2,"name":"Privat: A propos de nous","item":"https:\/\/viseca-payment.ch\/fr\/a-propos-de-viseca\/a-propo-de-nous\/"},{"@type":"ListItem","position":3,"name":"Whistleblowing"}]},{"@type":"WebSite","@id":"https:\/\/viseca-payment.ch\/de\/#website","url":"https:\/\/viseca-payment.ch\/de\/","name":"Home | Viseca Payment Services","description":"","potentialAction":[{"@type":"SearchAction","target":{"@type":"EntryPoint","urlTemplate":"https:\/\/viseca-payment.ch\/de\/?s={search_term_string}"},"query-input":{"@type":"PropertyValueSpecification","valueRequired":true,"valueName":"search_term_string"}}],"inLanguage":"fr-FR"}]}},"_links":{"self":[{"href":"https:\/\/viseca-payment.ch\/fr\/wp-json\/wp\/v2\/pages\/6829","targetHints":{"allow":["GET"]}}],"collection":[{"href":"https:\/\/viseca-payment.ch\/fr\/wp-json\/wp\/v2\/pages"}],"about":[{"href":"https:\/\/viseca-payment.ch\/fr\/wp-json\/wp\/v2\/types\/page"}],"author":[{"embeddable":true,"href":"https:\/\/viseca-payment.ch\/fr\/wp-json\/wp\/v2\/users\/5"}],"replies":[{"embeddable":true,"href":"https:\/\/viseca-payment.ch\/fr\/wp-json\/wp\/v2\/comments?post=6829"}],"version-history":[{"count":34,"href":"https:\/\/viseca-payment.ch\/fr\/wp-json\/wp\/v2\/pages\/6829\/revisions"}],"predecessor-version":[{"id":11520,"href":"https:\/\/viseca-payment.ch\/fr\/wp-json\/wp\/v2\/pages\/6829\/revisions\/11520"}],"up":[{"embeddable":true,"href":"https:\/\/viseca-payment.ch\/fr\/wp-json\/wp\/v2\/pages\/2600"}],"wp:attachment":[{"href":"https:\/\/viseca-payment.ch\/fr\/wp-json\/wp\/v2\/media?parent=6829"}],"curies":[{"name":"wp","href":"https:\/\/api.w.org\/{rel}","templated":true}]}}