{"id":6831,"date":"2022-12-21T10:31:26","date_gmt":"2022-12-21T08:31:26","guid":{"rendered":"https:\/\/viseca-payment.ch\/?page_id=6831"},"modified":"2026-03-27T13:01:27","modified_gmt":"2026-03-27T11:01:27","slug":"whistleblowing","status":"publish","type":"page","link":"https:\/\/viseca-payment.ch\/it\/a-proposito-di-viseca\/chi-siamo\/whistleblowing\/","title":{"rendered":"Whistleblowing"},"content":{"rendered":"\t\t<div data-elementor-type=\"wp-page\" data-elementor-id=\"6831\" class=\"elementor elementor-6831 elementor-6820\" data-elementor-post-type=\"page\">\n\t\t\t\t\t\t<section class=\"elementor-section elementor-top-section elementor-element elementor-element-4ed70a5 elementor-section-height-min-height elementor-section-boxed elementor-section-height-default elementor-section-items-middle\" data-id=\"4ed70a5\" data-element_type=\"section\" data-e-type=\"section\" data-settings=\"{&quot;background_background&quot;:&quot;classic&quot;}\">\n\t\t\t\t\t\t<div class=\"elementor-container elementor-column-gap-default\">\n\t\t\t\t\t<div class=\"elementor-column elementor-col-100 elementor-top-column elementor-element elementor-element-83b4de9\" data-id=\"83b4de9\" data-element_type=\"column\" data-e-type=\"column\">\n\t\t\t<div class=\"elementor-widget-wrap elementor-element-populated\">\n\t\t\t\t\t\t<div class=\"elementor-element elementor-element-b0d2c8f elementor-widget elementor-widget-heading\" data-id=\"b0d2c8f\" data-element_type=\"widget\" data-e-type=\"widget\" data-widget_type=\"heading.default\">\n\t\t\t\t<div class=\"elementor-widget-container\">\n\t\t\t\t\t<h1 class=\"elementor-heading-title elementor-size-default\">Whistleblowing<\/h1>\t\t\t\t<\/div>\n\t\t\t\t<\/div>\n\t\t\t\t\t<\/div>\n\t\t<\/div>\n\t\t\t\t\t<\/div>\n\t\t<\/section>\n\t\t\t\t<section class=\"elementor-section elementor-top-section elementor-element elementor-element-8a791dc animated-fast elementor-section-boxed elementor-section-height-default elementor-section-height-default elementor-invisible\" data-id=\"8a791dc\" data-element_type=\"section\" data-e-type=\"section\" data-settings=\"{&quot;animation&quot;:&quot;fadeIn&quot;,&quot;background_background&quot;:&quot;classic&quot;}\">\n\t\t\t\t\t\t<div class=\"elementor-container elementor-column-gap-default\">\n\t\t\t\t\t<div class=\"elementor-column elementor-col-100 elementor-top-column elementor-element elementor-element-bb350fe\" data-id=\"bb350fe\" data-element_type=\"column\" data-e-type=\"column\">\n\t\t\t<div class=\"elementor-widget-wrap elementor-element-populated\">\n\t\t\t\t\t\t<div class=\"elementor-element elementor-element-90a536a elementor-widget elementor-widget-heading\" data-id=\"90a536a\" data-element_type=\"widget\" data-e-type=\"widget\" data-widget_type=\"heading.default\">\n\t\t\t\t<div class=\"elementor-widget-container\">\n\t\t\t\t\t<h2 class=\"elementor-heading-title elementor-size-default\">Segnalare una irregolarit\u00e0 supposta da parte di Viseca <\/h2>\t\t\t\t<\/div>\n\t\t\t\t<\/div>\n\t\t\t\t<div class=\"elementor-element elementor-element-6921921 elementor-widget elementor-widget-heading\" data-id=\"6921921\" data-element_type=\"widget\" data-e-type=\"widget\" data-widget_type=\"heading.default\">\n\t\t\t\t<div class=\"elementor-widget-container\">\n\t\t\t\t\t<h3 class=\"elementor-heading-title elementor-size-default\">Aspetti generali<\/h3>\t\t\t\t<\/div>\n\t\t\t\t<\/div>\n\t\t\t\t<div class=\"elementor-element elementor-element-c1cd1ba elementor-widget elementor-widget-text-editor\" data-id=\"c1cd1ba\" data-element_type=\"widget\" data-e-type=\"widget\" data-widget_type=\"text-editor.default\">\n\t\t\t\t<div class=\"elementor-widget-container\">\n\t\t\t\t\t\t\t\t\t<p>Se sospettate che vi siano irregolarit\u00e0 all\u2019interno della nostra organizzazione, vi preghiamo di notificarlo al nostro servizio di segnalazione interno attraverso l\u2019apposita piattaforma. Con la vostra segnalazione ci aiutate in particolare a proteggere contro eventuali danni finanziari e reputazionali la nostra azienda e i nostri collaboratori e a migliorare in modo duraturo la nostra compliance, la qualit\u00e0 dei nostri servizi e il clima sul lavoro.<\/p>\n\t\t\t\t\t\t\t\t<\/div>\n\t\t\t\t<\/div>\n\t\t\t\t\t<\/div>\n\t\t<\/div>\n\t\t\t\t\t<\/div>\n\t\t<\/section>\n\t\t\t\t<section class=\"elementor-section elementor-top-section elementor-element elementor-element-fbd5781 animated-fast elementor-section-boxed elementor-section-height-default elementor-section-height-default elementor-invisible\" data-id=\"fbd5781\" data-element_type=\"section\" data-e-type=\"section\" data-settings=\"{&quot;animation&quot;:&quot;fadeIn&quot;,&quot;background_background&quot;:&quot;classic&quot;}\">\n\t\t\t\t\t\t<div class=\"elementor-container elementor-column-gap-default\">\n\t\t\t\t\t<div class=\"elementor-column elementor-col-100 elementor-top-column elementor-element elementor-element-4a14d13\" data-id=\"4a14d13\" data-element_type=\"column\" data-e-type=\"column\">\n\t\t\t<div class=\"elementor-widget-wrap elementor-element-populated\">\n\t\t\t\t\t\t<div class=\"elementor-element elementor-element-f20e8e8 elementor-widget elementor-widget-heading\" data-id=\"f20e8e8\" data-element_type=\"widget\" data-e-type=\"widget\" data-widget_type=\"heading.default\">\n\t\t\t\t<div class=\"elementor-widget-container\">\n\t\t\t\t\t<h2 class=\"elementor-heading-title elementor-size-default\">Piattaforma di segnalazione<\/h2>\t\t\t\t<\/div>\n\t\t\t\t<\/div>\n\t\t\t\t<div class=\"elementor-element elementor-element-1bc1174 elementor-widget elementor-widget-text-editor\" data-id=\"1bc1174\" data-element_type=\"widget\" data-e-type=\"widget\" data-widget_type=\"text-editor.default\">\n\t\t\t\t<div class=\"elementor-widget-container\">\n\t\t\t\t\t\t\t\t\t<p>Per segnalare presunte irregolarit\u00e0 all\u2019interno della nostra organizzazione, Viseca mette a disposizione un\u2019apposita piattaforma altamente sicura e user friendly. Se lo desiderate, potete effettuare una segnalazione anche in forma anonima. Per irregolarit\u00e0 si intendono, ad esempio, condotte scorrette, violazioni di direttive e regolamenti interni o della legge, attivit\u00e0 potenzialmente pericolose per la sicurezza, l\u2019ambiente e la salute o violazioni sul posto di lavoro.<\/p>\n\t\t\t\t\t\t\t\t<\/div>\n\t\t\t\t<\/div>\n\t\t\t\t<div class=\"elementor-element elementor-element-0c7537e elementor-widget elementor-widget-text-editor\" data-id=\"0c7537e\" data-element_type=\"widget\" data-e-type=\"widget\" data-widget_type=\"text-editor.default\">\n\t\t\t\t<div class=\"elementor-widget-container\">\n\t\t\t\t\t\t\t\t\t<p>I reclami da parte dei clienti vanno presentati ai nostri usuali punti di contatto: <a href=\"https:\/\/www.viseca.ch\/it\/servizio-clienti\/contatto\" target=\"_blank\" rel=\"noopener\"><u>Contatti<\/u><\/a><\/p>\t\t\t\t\t\t\t\t<\/div>\n\t\t\t\t<\/div>\n\t\t\t\t<div class=\"elementor-element elementor-element-0f3a47f elementor-align-left elementor-widget elementor-widget-button\" data-id=\"0f3a47f\" data-element_type=\"widget\" data-e-type=\"widget\" data-widget_type=\"button.default\">\n\t\t\t\t<div class=\"elementor-widget-container\">\n\t\t\t\t\t\t\t\t\t<div class=\"elementor-button-wrapper\">\n\t\t\t\t\t<a class=\"elementor-button elementor-button-link elementor-size-md\" href=\"https:\/\/anonymos.enquire.ch\/viseca-whistleblowing\" target=\"_blank\">\n\t\t\t\t\t\t<span class=\"elementor-button-content-wrapper\">\n\t\t\t\t\t\t<span class=\"elementor-button-icon\">\n\t\t\t\t<i aria-hidden=\"true\" class=\"far fa-arrow-alt-circle-right\"><\/i>\t\t\t<\/span>\n\t\t\t\t\t\t\t\t\t<span class=\"elementor-button-text\">Segnalazione di irregolarit\u00e0<\/span>\n\t\t\t\t\t<\/span>\n\t\t\t\t\t<\/a>\n\t\t\t\t<\/div>\n\t\t\t\t\t\t\t\t<\/div>\n\t\t\t\t<\/div>\n\t\t\t\t\t<\/div>\n\t\t<\/div>\n\t\t\t\t\t<\/div>\n\t\t<\/section>\n\t\t\t\t<section class=\"elementor-section elementor-top-section elementor-element elementor-element-080a318 animated-fast elementor-section-boxed elementor-section-height-default elementor-section-height-default elementor-invisible\" data-id=\"080a318\" data-element_type=\"section\" data-e-type=\"section\" data-settings=\"{&quot;animation&quot;:&quot;fadeIn&quot;,&quot;background_background&quot;:&quot;classic&quot;}\">\n\t\t\t\t\t\t<div class=\"elementor-container elementor-column-gap-default\">\n\t\t\t\t\t<div class=\"elementor-column elementor-col-100 elementor-top-column elementor-element elementor-element-523c653\" data-id=\"523c653\" data-element_type=\"column\" data-e-type=\"column\">\n\t\t\t<div class=\"elementor-widget-wrap elementor-element-populated\">\n\t\t\t\t\t\t<div class=\"elementor-element elementor-element-d9a8890 elementor-widget elementor-widget-heading\" data-id=\"d9a8890\" data-element_type=\"widget\" data-e-type=\"widget\" data-widget_type=\"heading.default\">\n\t\t\t\t<div class=\"elementor-widget-container\">\n\t\t\t\t\t<h2 class=\"elementor-heading-title elementor-size-default\">Procedura da seguire dopo una segnalazione<\/h2>\t\t\t\t<\/div>\n\t\t\t\t<\/div>\n\t\t\t\t<div class=\"elementor-element elementor-element-3f0d636 elementor-widget elementor-widget-text-editor\" data-id=\"3f0d636\" data-element_type=\"widget\" data-e-type=\"widget\" data-widget_type=\"text-editor.default\">\n\t\t\t\t<div class=\"elementor-widget-container\">\n\t\t\t\t\t\t\t\t\t<p>Le irregolarit\u00e0 segnalate sono oggetto di un\u2019indagine approfondita e indipendente, in conformit\u00e0 con le direttive interne di Viseca. Eventuali conflitti di interesse sono tenuti in debita considerazione.<\/p>\n\t\t\t\t\t\t\t\t<\/div>\n\t\t\t\t<\/div>\n\t\t\t\t\t<\/div>\n\t\t<\/div>\n\t\t\t\t\t<\/div>\n\t\t<\/section>\n\t\t\t\t<section class=\"elementor-section elementor-top-section elementor-element elementor-element-de756f2 animated-fast elementor-section-boxed elementor-section-height-default elementor-section-height-default elementor-invisible\" data-id=\"de756f2\" data-element_type=\"section\" data-e-type=\"section\" data-settings=\"{&quot;animation&quot;:&quot;fadeIn&quot;,&quot;background_background&quot;:&quot;classic&quot;}\">\n\t\t\t\t\t\t<div class=\"elementor-container elementor-column-gap-default\">\n\t\t\t\t\t<div class=\"elementor-column elementor-col-100 elementor-top-column elementor-element elementor-element-97a5287\" data-id=\"97a5287\" data-element_type=\"column\" data-e-type=\"column\">\n\t\t\t<div class=\"elementor-widget-wrap elementor-element-populated\">\n\t\t\t\t\t\t<div class=\"elementor-element elementor-element-707a567 elementor-widget elementor-widget-heading\" data-id=\"707a567\" data-element_type=\"widget\" data-e-type=\"widget\" data-widget_type=\"heading.default\">\n\t\t\t\t<div class=\"elementor-widget-container\">\n\t\t\t\t\t<h2 class=\"elementor-heading-title elementor-size-default\">Riservatezza<\/h2>\t\t\t\t<\/div>\n\t\t\t\t<\/div>\n\t\t\t\t<div class=\"elementor-element elementor-element-089325d elementor-widget elementor-widget-text-editor\" data-id=\"089325d\" data-element_type=\"widget\" data-e-type=\"widget\" data-widget_type=\"text-editor.default\">\n\t\t\t\t<div class=\"elementor-widget-container\">\n\t\t\t\t\t\t\t\t\t<p>Tutti i dati, le informazioni e le relative indagini vengono trattati con la massima riservatezza. Viseca si impegna inoltre a rispettare l\u2019eventuale richiesta di mantenere l\u2019anonimato da parte dei segnalanti. Viseca non ne rivela l\u2019identit\u00e0, nemmeno nel caso in cui venisse scoperta nel corso delle indagini. L\u2019identit\u00e0 dei segnalanti pu\u00f2 e deve essere rivelata in determinate circostanze, e precisamente quando ci\u00f2 pu\u00f2 essere richiesto in virt\u00f9 di una base giuridica vincolante o di una decisione passata in giudicato, o se \u00e8 necessario per evitare un serio pericolo agli stessi segnalanti, a Viseca o a terzi.\u00a0<\/p>\n\t\t\t\t\t\t\t\t<\/div>\n\t\t\t\t<\/div>\n\t\t\t\t\t<\/div>\n\t\t<\/div>\n\t\t\t\t\t<\/div>\n\t\t<\/section>\n\t\t\t\t<section class=\"elementor-section elementor-top-section elementor-element elementor-element-d61f169 animated-fast elementor-section-boxed elementor-section-height-default elementor-section-height-default elementor-invisible\" data-id=\"d61f169\" data-element_type=\"section\" data-e-type=\"section\" data-settings=\"{&quot;animation&quot;:&quot;fadeIn&quot;,&quot;background_background&quot;:&quot;classic&quot;}\">\n\t\t\t\t\t\t<div class=\"elementor-container elementor-column-gap-default\">\n\t\t\t\t\t<div class=\"elementor-column elementor-col-100 elementor-top-column elementor-element elementor-element-6e79064\" data-id=\"6e79064\" data-element_type=\"column\" data-e-type=\"column\">\n\t\t\t<div class=\"elementor-widget-wrap elementor-element-populated\">\n\t\t\t\t\t\t<div class=\"elementor-element elementor-element-ae11ae2 elementor-widget elementor-widget-heading\" data-id=\"ae11ae2\" data-element_type=\"widget\" data-e-type=\"widget\" data-widget_type=\"heading.default\">\n\t\t\t\t<div class=\"elementor-widget-container\">\n\t\t\t\t\t<h2 class=\"elementor-heading-title elementor-size-default\">Grazie<\/h2>\t\t\t\t<\/div>\n\t\t\t\t<\/div>\n\t\t\t\t<div class=\"elementor-element elementor-element-248dcfc elementor-widget elementor-widget-text-editor\" data-id=\"248dcfc\" data-element_type=\"widget\" data-e-type=\"widget\" data-widget_type=\"text-editor.default\">\n\t\t\t\t<div class=\"elementor-widget-container\">\n\t\t\t\t\t\t\t\t\t<p>Le vostre segnalazioni ci aiutano a evitare danni finanziari e a mantenere alta la nostra reputazione, a garanzia del successo a lungo termine di Viseca. Grazie per il vostro prezioso sostegno.<\/p>\n\t\t\t\t\t\t\t\t<\/div>\n\t\t\t\t<\/div>\n\t\t\t\t\t<\/div>\n\t\t<\/div>\n\t\t\t\t\t<\/div>\n\t\t<\/section>\n\t\t\t\t<\/div>\n\t\t","protected":false},"excerpt":{"rendered":"<p>Whistleblowing Segnalare una irregolarit\u00e0 supposta da parte di Viseca Aspetti generali Se sospettate che vi siano irregolarit\u00e0 all\u2019interno della nostra organizzazione, vi preghiamo di notificarlo al nostro servizio di segnalazione interno attraverso l\u2019apposita piattaforma. Con la vostra segnalazione ci aiutate in particolare a proteggere contro eventuali danni finanziari e reputazionali la nostra azienda e i [&hellip;]<\/p>\n","protected":false},"author":5,"featured_media":0,"parent":2602,"menu_order":0,"comment_status":"closed","ping_status":"closed","template":"","meta":{"_acf_changed":false,"footnotes":""},"class_list":["post-6831","page","type-page","status-publish","hentry"],"acf":[],"yoast_head":"<!-- This site is optimized with the Yoast SEO plugin v27.2 - https:\/\/yoast.com\/product\/yoast-seo-wordpress\/ -->\n<title>Whistleblowing<\/title>\n<meta name=\"description\" content=\"Segnalare una irregolarit\u00e0 supposta da parte di Viseca\" \/>\n<meta name=\"robots\" content=\"index, follow, max-snippet:-1, max-image-preview:large, max-video-preview:-1\" \/>\n<link rel=\"canonical\" href=\"https:\/\/viseca-payment.ch\/de\/ueber-viseca\/ueber-uns\/whistleblowing\/\" \/>\n<meta property=\"og:locale\" content=\"it_IT\" \/>\n<meta property=\"og:type\" content=\"article\" \/>\n<meta property=\"og:title\" content=\"Whistleblowing\" \/>\n<meta property=\"og:description\" content=\"Segnalare una irregolarit\u00e0 supposta da parte di Viseca\" \/>\n<meta property=\"og:url\" content=\"https:\/\/viseca-payment.ch\/de\/ueber-viseca\/ueber-uns\/whistleblowing\/\" \/>\n<meta property=\"og:site_name\" content=\"Viseca Payment Services\" \/>\n<meta property=\"article:modified_time\" content=\"2026-03-27T11:01:27+00:00\" \/>\n<meta property=\"og:image\" content=\"https:\/\/viseca-payment.ch\/wp-content\/uploads\/2026\/03\/Whistleblowing_Header_1200x630px.jpg\" \/>\n\t<meta property=\"og:image:width\" content=\"1200\" \/>\n\t<meta property=\"og:image:height\" content=\"630\" \/>\n\t<meta property=\"og:image:type\" content=\"image\/jpeg\" \/>\n<meta name=\"twitter:card\" content=\"summary_large_image\" \/>\n<meta name=\"twitter:label1\" content=\"Tempo di lettura stimato\" \/>\n\t<meta name=\"twitter:data1\" content=\"2 minuti\" \/>\n<script type=\"application\/ld+json\" class=\"yoast-schema-graph\">{\"@context\":\"https:\/\/schema.org\",\"@graph\":[{\"@type\":\"WebPage\",\"@id\":\"https:\/\/viseca-payment.ch\/it\/a-proposito-di-viseca\/chi-siamo\/whistleblowing\/\",\"url\":\"https:\/\/viseca-payment.ch\/de\/ueber-viseca\/ueber-uns\/whistleblowing\/\",\"name\":\"Whistleblowing\",\"isPartOf\":{\"@id\":\"https:\/\/viseca-payment.ch\/de\/#website\"},\"datePublished\":\"2022-12-21T08:31:26+00:00\",\"dateModified\":\"2026-03-27T11:01:27+00:00\",\"description\":\"Segnalare una irregolarit\u00e0 supposta da parte di Viseca\",\"breadcrumb\":{\"@id\":\"https:\/\/viseca-payment.ch\/de\/ueber-viseca\/ueber-uns\/whistleblowing\/#breadcrumb\"},\"inLanguage\":\"it-IT\",\"potentialAction\":[{\"@type\":\"ReadAction\",\"target\":[\"https:\/\/viseca-payment.ch\/de\/ueber-viseca\/ueber-uns\/whistleblowing\/\"]}]},{\"@type\":\"BreadcrumbList\",\"@id\":\"https:\/\/viseca-payment.ch\/de\/ueber-viseca\/ueber-uns\/whistleblowing\/#breadcrumb\",\"itemListElement\":[{\"@type\":\"ListItem\",\"position\":1,\"name\":\"A proposito di Viseca\",\"item\":\"https:\/\/viseca-payment.ch\/it\/?page_id=2725\"},{\"@type\":\"ListItem\",\"position\":2,\"name\":\"Privat: Chi siamo\",\"item\":\"https:\/\/viseca-payment.ch\/it\/a-proposito-di-viseca\/chi-siamo\/\"},{\"@type\":\"ListItem\",\"position\":3,\"name\":\"Whistleblowing\"}]},{\"@type\":\"WebSite\",\"@id\":\"https:\/\/viseca-payment.ch\/de\/#website\",\"url\":\"https:\/\/viseca-payment.ch\/de\/\",\"name\":\"Home | Viseca Payment Services\",\"description\":\"\",\"potentialAction\":[{\"@type\":\"SearchAction\",\"target\":{\"@type\":\"EntryPoint\",\"urlTemplate\":\"https:\/\/viseca-payment.ch\/de\/?s={search_term_string}\"},\"query-input\":{\"@type\":\"PropertyValueSpecification\",\"valueRequired\":true,\"valueName\":\"search_term_string\"}}],\"inLanguage\":\"it-IT\"}]}<\/script>\n<!-- \/ Yoast SEO plugin. -->","yoast_head_json":{"title":"Whistleblowing","description":"Segnalare una irregolarit\u00e0 supposta da parte di Viseca","robots":{"index":"index","follow":"follow","max-snippet":"max-snippet:-1","max-image-preview":"max-image-preview:large","max-video-preview":"max-video-preview:-1"},"canonical":"https:\/\/viseca-payment.ch\/de\/ueber-viseca\/ueber-uns\/whistleblowing\/","og_locale":"it_IT","og_type":"article","og_title":"Whistleblowing","og_description":"Segnalare una irregolarit\u00e0 supposta da parte di Viseca","og_url":"https:\/\/viseca-payment.ch\/de\/ueber-viseca\/ueber-uns\/whistleblowing\/","og_site_name":"Viseca Payment Services","article_modified_time":"2026-03-27T11:01:27+00:00","og_image":[{"width":1200,"height":630,"url":"https:\/\/viseca-payment.ch\/wp-content\/uploads\/2026\/03\/Whistleblowing_Header_1200x630px.jpg","type":"image\/jpeg"}],"twitter_card":"summary_large_image","twitter_misc":{"Tempo di lettura stimato":"2 minuti"},"schema":{"@context":"https:\/\/schema.org","@graph":[{"@type":"WebPage","@id":"https:\/\/viseca-payment.ch\/it\/a-proposito-di-viseca\/chi-siamo\/whistleblowing\/","url":"https:\/\/viseca-payment.ch\/de\/ueber-viseca\/ueber-uns\/whistleblowing\/","name":"Whistleblowing","isPartOf":{"@id":"https:\/\/viseca-payment.ch\/de\/#website"},"datePublished":"2022-12-21T08:31:26+00:00","dateModified":"2026-03-27T11:01:27+00:00","description":"Segnalare una irregolarit\u00e0 supposta da parte di Viseca","breadcrumb":{"@id":"https:\/\/viseca-payment.ch\/de\/ueber-viseca\/ueber-uns\/whistleblowing\/#breadcrumb"},"inLanguage":"it-IT","potentialAction":[{"@type":"ReadAction","target":["https:\/\/viseca-payment.ch\/de\/ueber-viseca\/ueber-uns\/whistleblowing\/"]}]},{"@type":"BreadcrumbList","@id":"https:\/\/viseca-payment.ch\/de\/ueber-viseca\/ueber-uns\/whistleblowing\/#breadcrumb","itemListElement":[{"@type":"ListItem","position":1,"name":"A proposito di Viseca","item":"https:\/\/viseca-payment.ch\/it\/?page_id=2725"},{"@type":"ListItem","position":2,"name":"Privat: Chi siamo","item":"https:\/\/viseca-payment.ch\/it\/a-proposito-di-viseca\/chi-siamo\/"},{"@type":"ListItem","position":3,"name":"Whistleblowing"}]},{"@type":"WebSite","@id":"https:\/\/viseca-payment.ch\/de\/#website","url":"https:\/\/viseca-payment.ch\/de\/","name":"Home | Viseca Payment Services","description":"","potentialAction":[{"@type":"SearchAction","target":{"@type":"EntryPoint","urlTemplate":"https:\/\/viseca-payment.ch\/de\/?s={search_term_string}"},"query-input":{"@type":"PropertyValueSpecification","valueRequired":true,"valueName":"search_term_string"}}],"inLanguage":"it-IT"}]}},"_links":{"self":[{"href":"https:\/\/viseca-payment.ch\/it\/wp-json\/wp\/v2\/pages\/6831","targetHints":{"allow":["GET"]}}],"collection":[{"href":"https:\/\/viseca-payment.ch\/it\/wp-json\/wp\/v2\/pages"}],"about":[{"href":"https:\/\/viseca-payment.ch\/it\/wp-json\/wp\/v2\/types\/page"}],"author":[{"embeddable":true,"href":"https:\/\/viseca-payment.ch\/it\/wp-json\/wp\/v2\/users\/5"}],"replies":[{"embeddable":true,"href":"https:\/\/viseca-payment.ch\/it\/wp-json\/wp\/v2\/comments?post=6831"}],"version-history":[{"count":28,"href":"https:\/\/viseca-payment.ch\/it\/wp-json\/wp\/v2\/pages\/6831\/revisions"}],"predecessor-version":[{"id":11523,"href":"https:\/\/viseca-payment.ch\/it\/wp-json\/wp\/v2\/pages\/6831\/revisions\/11523"}],"up":[{"embeddable":true,"href":"https:\/\/viseca-payment.ch\/it\/wp-json\/wp\/v2\/pages\/2602"}],"wp:attachment":[{"href":"https:\/\/viseca-payment.ch\/it\/wp-json\/wp\/v2\/media?parent=6831"}],"curies":[{"name":"wp","href":"https:\/\/api.w.org\/{rel}","templated":true}]}}